{"id":8005,"date":"2022-04-29T04:29:21","date_gmt":"2022-04-29T04:29:21","guid":{"rendered":"https:\/\/certcomply.hemhosting.se\/?page_id=8005"},"modified":"2024-09-16T14:06:58","modified_gmt":"2024-09-16T14:06:58","slug":"privacy-policy","status":"publish","type":"page","link":"https:\/\/certifycomply.com\/sv\/privacy-policy\/","title":{"rendered":"Privacy Policy"},"content":{"rendered":"\t\t<div data-elementor-type=\"wp-page\" data-elementor-id=\"8005\" class=\"elementor elementor-8005 elementor-3\" data-elementor-post-type=\"page\">\n\t\t\t\t\t\t<section class=\"elementor-section elementor-top-section elementor-element elementor-element-75dd96ce elementor-section-boxed elementor-section-height-default elementor-section-height-default\" data-id=\"75dd96ce\" data-element_type=\"section\">\n\t\t\t\t\t\t<div class=\"elementor-container elementor-column-gap-default\">\n\t\t\t\t\t<div class=\"elementor-column elementor-col-100 elementor-top-column elementor-element elementor-element-1df8c625\" data-id=\"1df8c625\" data-element_type=\"column\">\n\t\t\t<div class=\"elementor-widget-wrap elementor-element-populated\">\n\t\t\t\t\t\t\t<\/div>\n\t\t<\/div>\n\t\t\t\t\t<\/div>\n\t\t<\/section>\n\t\t\t\t<section class=\"elementor-section elementor-top-section elementor-element elementor-element-4467645 elementor-section-boxed elementor-section-height-default elementor-section-height-default\" data-id=\"4467645\" data-element_type=\"section\">\n\t\t\t\t\t\t<div class=\"elementor-container elementor-column-gap-default\">\n\t\t\t\t\t<div class=\"elementor-column elementor-col-100 elementor-top-column elementor-element elementor-element-f9c767a\" data-id=\"f9c767a\" data-element_type=\"column\">\n\t\t\t<div class=\"elementor-widget-wrap elementor-element-populated\">\n\t\t\t\t\t\t<div class=\"elementor-element elementor-element-18e6178 elementor-widget elementor-widget-heading\" data-id=\"18e6178\" data-element_type=\"widget\" data-widget_type=\"heading.default\">\n\t\t\t\t<div class=\"elementor-widget-container\">\n\t\t\t<h1 class=\"elementor-heading-title elementor-size-default\">Integritetspolicy<\/h1>\t\t<\/div>\n\t\t\t\t<\/div>\n\t\t\t\t\t<\/div>\n\t\t<\/div>\n\t\t\t\t\t<\/div>\n\t\t<\/section>\n\t\t\t\t<section class=\"elementor-section elementor-top-section elementor-element elementor-element-256d195 elementor-section-boxed elementor-section-height-default elementor-section-height-default\" data-id=\"256d195\" data-element_type=\"section\">\n\t\t\t\t\t\t<div class=\"elementor-container elementor-column-gap-default\">\n\t\t\t\t\t<div class=\"elementor-column elementor-col-50 elementor-top-column elementor-element elementor-element-5fe802e\" data-id=\"5fe802e\" data-element_type=\"column\">\n\t\t\t<div class=\"elementor-widget-wrap elementor-element-populated\">\n\t\t\t\t\t\t<section class=\"elementor-section elementor-inner-section elementor-element elementor-element-b874f5b elementor-section-boxed elementor-section-height-default elementor-section-height-default\" data-id=\"b874f5b\" data-element_type=\"section\">\n\t\t\t\t\t\t<div class=\"elementor-container elementor-column-gap-default\">\n\t\t\t\t\t<div class=\"elementor-column elementor-col-100 elementor-inner-column elementor-element elementor-element-02a06f0\" data-id=\"02a06f0\" data-element_type=\"column\">\n\t\t\t<div class=\"elementor-widget-wrap elementor-element-populated\">\n\t\t\t\t\t\t<div class=\"elementor-element elementor-element-615df05 elementor-widget elementor-widget-text-editor\" data-id=\"615df05\" data-element_type=\"widget\" data-widget_type=\"text-editor.default\">\n\t\t\t\t<div class=\"elementor-widget-container\">\n\t\t\t\t\t\t\t<ol><li><h2>Introduktion<\/h2><\/li><\/ol><p><a href=\"http:\/\/www.certifycomply.com\"><span style=\"font-weight: 400;\">www.certifycomply.com<\/span><\/a><span style=\"font-weight: 400;\"> (\u201dwebbplatsen\u201d) drivs av Certify &amp; Comply Sweden AB. Denna sida informerar dig om v\u00e5ra policyer g\u00e4llande insamling, anv\u00e4ndning och spridning av personuppgifter som vi mottar fr\u00e5n anv\u00e4ndare av webbplatsen. Vi anv\u00e4nder dina personuppgifter baserat p\u00e5 lagliga grunder, som samtycke eller ber\u00e4ttigat intresse, f\u00f6r att tillhandah\u00e5lla och f\u00f6rb\u00e4ttra webbplatsen och v\u00e5r frivilliga e-postlista. Genom att anv\u00e4nda Webbplatsen samtycker du till insamling och anv\u00e4ndning av information enligt denna policy.<\/span><\/p><p>\u00a0<\/p><ol start=\"2\"><li><h2><span style=\"font-weight: 400;\">Informationsinsamling<\/span><\/h2><\/li><\/ol><p><span style=\"font-weight: 400;\">N\u00e4r du bes\u00f6ker Webbplatsen kan du bli ombedd att l\u00e4mna viss personligt identifierbar information (\u201dPersonuppgifter\u201d) som kan anv\u00e4ndas f\u00f6r att kontakta eller identifiera dig. Denna information kan inkludera, men \u00e4r inte begr\u00e4nsad till, ditt namn, e-postadress, postadress, telefonnummer och betalningsuppgifter. Personuppgifter samlas in med ditt samtycke och behandlas enligt relevant r\u00e4ttslig grund.<\/span><\/p><p><span style=\"font-weight: 400;\">Personuppgifter kan samlas in p\u00e5 olika s\u00e4tt, bland annat n\u00e4r anv\u00e4ndare bes\u00f6ker webbplatsen, registrerar sig, g\u00f6r en best\u00e4llning, prenumererar p\u00e5 nyhetsbrev eller fyller i formul\u00e4r. Anv\u00e4ndare kan bes\u00f6ka webbplatsen anonymt, och personuppgifter samlas endast in om de frivilligt l\u00e4mnas. Om du v\u00e4grar att l\u00e4mna personuppgifter kan det begr\u00e4nsa din m\u00f6jlighet att delta i vissa aktiviteter relaterade till webbplatsen.<\/span><\/p><p><span style=\"font-weight: 400;\">Vi samlar \u00e4ven in data som din webbl\u00e4sare skickar n\u00e4r du bes\u00f6ker v\u00e5r webbplats, s\u00e5som IP-adress, webbl\u00e4sartyp och bes\u00f6kets varaktighet. Vi kan anv\u00e4nda tredjepartstj\u00e4nster som Google Analytics f\u00f6r att samla in, \u00f6vervaka och analysera denna data, i enlighet med GDPR.<\/span><\/p><p>\u00a0<\/p><ol start=\"3\"><li><h2><span style=\"font-weight: 400;\"> Kommunikation<\/span><\/h2><\/li><\/ol><p><span style=\"font-weight: 400;\">Vi kan anv\u00e4nda dina personuppgifter f\u00f6r att kontakta dig med nyhetsbrev, marknadsf\u00f6rings- eller kampanjmaterial. Vi driver en e-postlista f\u00f6r att informera prenumeranter om relevant information. Alla personuppgifter relaterade till e-postprenumerationer lagras s\u00e4kert, och inga personuppgifter delas med tredje parter utanf\u00f6r Zatisfy AB utan uttryckligt samtycke. Du har r\u00e4tt att beg\u00e4ra en kopia av de personuppgifter vi har om dig genom att kontakta oss.<\/span><\/p><p><span style=\"font-weight: 400;\">E-postmarknadsf\u00f6ringskampanjer kan inneh\u00e5lla sp\u00e5rningsfunktioner f\u00f6r att f\u00f6rb\u00e4ttra framtida inneh\u00e5ll baserat p\u00e5 prenumeranternas aktivitet. Prenumeranter kan n\u00e4r som helst avsluta prenumerationen via ett automatiserat system som beskrivs i varje e-postfotsida.<\/span><\/p><p>\u00a0<\/p><ol start=\"4\"><li><h2><span style=\"font-weight: 400;\">Tredjepartswebbplatser och externa l\u00e4nkar<\/span><\/h2><\/li><\/ol><p><span style=\"font-weight: 400;\">Webbplatsen kan inneh\u00e5lla externa l\u00e4nkar till andra webbplatser. Vi str\u00e4var efter att inkludera endast s\u00e4kra och relevanta l\u00e4nkar, men vi kan inte garantera inneh\u00e5llet p\u00e5 externa webbplatser. Anv\u00e4ndare klickar p\u00e5 externa l\u00e4nkar p\u00e5 egen risk, och Certify &amp; Comply Sweden AB kan inte h\u00e5llas ansvarigt f\u00f6r eventuella skador eller konsekvenser av att bes\u00f6ka dessa l\u00e4nkar.<\/span><\/p><p>\u00a0<\/p><ol start=\"5\"><li><h2><span style=\"font-weight: 400;\"> Sociala medier<\/span><\/h2><\/li><\/ol><p><span style=\"font-weight: 400;\">Interaktioner p\u00e5 externa sociala medieplattformar som Certify &amp; Comply Sweden AB deltar i omfattas av de villkor och integritetspolicyer som g\u00e4ller f\u00f6r varje plattform. Vi kommer aldrig att be om personliga eller k\u00e4nsliga uppgifter via sociala medier. Sociala delningsknappar p\u00e5 webbplatsen g\u00f6r det m\u00f6jligt f\u00f6r anv\u00e4ndare att dela inneh\u00e5ll direkt; anv\u00e4ndare b\u00f6r dock vara medvetna om att sociala medieplattformar kan sp\u00e5ra dessa interaktioner.<\/span><\/p><p>\u00a0<\/p><ol start=\"6\"><li><h2><span style=\"font-weight: 400;\"> Cookies<\/span><\/h2><\/li><\/ol><p><span style=\"font-weight: 400;\">Cookies \u00e4r sm\u00e5 datafiler som lagras p\u00e5 din dators h\u00e5rddisk. Webbplatsen anv\u00e4nder cookies f\u00f6r att samla in information och f\u00f6rb\u00e4ttra din upplevelse. Du kan instruera din webbl\u00e4sare att neka cookies eller meddela dig n\u00e4r en cookie skickas. Om du inte accepterar cookies kan vissa delar av webbplatsen vara otillg\u00e4ngliga.<\/span><\/p><p>\u00a0<\/p><ol start=\"7\"><li><h2><span style=\"font-weight: 400;\">Personanpassad reklam<\/span><\/h2><\/li><\/ol><p><span style=\"font-weight: 400;\">F\u00f6r att v\u00e4lja bort personanpassad reklam kan du klicka p\u00e5 AdChoices-logotypen i h\u00f6rnet p\u00e5 annonser. Detta ger mer information om intressebaserad reklam och l\u00e5ter dig hantera dina annonsinst\u00e4llningar.<\/span><\/p><p>\u00a0<\/p><ol start=\"8\"><li><h2><span style=\"font-weight: 400;\">S\u00e4kerhet<\/span><\/h2><\/li><\/ol><p><span style=\"font-weight: 400;\">S\u00e4kerheten f\u00f6r dina personuppgifter \u00e4r viktig f\u00f6r oss. Vi anv\u00e4nder kommersiellt godtagbara medel f\u00f6r att skydda dina data, men ingen metod f\u00f6r \u00f6verf\u00f6ring \u00f6ver internet eller elektronisk lagring \u00e4r 100 % s\u00e4ker. Vi f\u00f6ljer GDPR genom att implementera l\u00e4mpliga tekniska och organisatoriska \u00e5tg\u00e4rder f\u00f6r att skydda dina data.<\/span><\/p><p>\u00a0<\/p><ol start=\"9\"><li><h2><span style=\"font-weight: 400;\"> \u00c4ndringar i denna integritetspolicy<\/span><\/h2><\/li><\/ol><p><span style=\"font-weight: 400;\">Denna integritetspolicy g\u00e4ller fr\u00e5n och med 26 augusti 2024 och kommer att vara i kraft tills vidare, f\u00f6rutom eventuella framtida \u00e4ndringar som tr\u00e4der i kraft omedelbart efter att de publiceras p\u00e5 denna sida. Vi f\u00f6rbeh\u00e5ller oss r\u00e4tten att uppdatera eller \u00e4ndra v\u00e5r integritetspolicy n\u00e4r som helst, och du b\u00f6r regelbundet kontrollera denna sida. Fortsatt anv\u00e4ndning av webbplatsen efter eventuella \u00e4ndringar inneb\u00e4r att du accepterar den uppdaterade policyn.<\/span><\/p><p><span style=\"font-weight: 400;\">Om vi g\u00f6r n\u00e5gra v\u00e4sentliga \u00e4ndringar kommer vi att meddela dig antingen via den e-postadress du har angett eller genom att placera ett tydligt meddelande p\u00e5 v\u00e5r webbplats.<\/span><\/p><p>\u00a0<\/p><ol start=\"10\"><li><h2><span style=\"font-weight: 400;\"> Kontakta oss<\/span><\/h2><\/li><\/ol><p><span style=\"font-weight: 400;\">Om du har n\u00e5gra fr\u00e5gor om denna integritetspolicy, v\u00e4nligen kontakta oss via e-post p\u00e5 <a href=\"mailto:info@certifycomply.com\">info@certifycomply.com<\/a>.<\/span><\/p>\t\t\t\t\t\t<\/div>\n\t\t\t\t<\/div>\n\t\t\t\t\t<\/div>\n\t\t<\/div>\n\t\t\t\t\t<\/div>\n\t\t<\/section>\n\t\t\t\t\t<\/div>\n\t\t<\/div>\n\t\t\t\t<div class=\"elementor-column elementor-col-50 elementor-top-column elementor-element elementor-element-354ef62\" data-id=\"354ef62\" data-element_type=\"column\">\n\t\t\t<div class=\"elementor-widget-wrap elementor-element-populated\">\n\t\t\t\t\t\t<section class=\"elementor-section elementor-inner-section elementor-element elementor-element-38692f6 sticky-side-toc elementor-section-boxed elementor-section-height-default elementor-section-height-default\" data-id=\"38692f6\" data-element_type=\"section\">\n\t\t\t\t\t\t<div class=\"elementor-container elementor-column-gap-default\">\n\t\t\t\t\t<div class=\"elementor-column elementor-col-100 elementor-inner-column elementor-element elementor-element-811a5c8\" data-id=\"811a5c8\" data-element_type=\"column\">\n\t\t\t<div class=\"elementor-widget-wrap elementor-element-populated\">\n\t\t\t\t\t\t<div class=\"elementor-element elementor-element-9eb1225 elementor-widget elementor-widget-table-of-contents\" data-id=\"9eb1225\" data-element_type=\"widget\" data-settings=\"{&quot;exclude_headings_by_selector&quot;:[],&quot;marker_view&quot;:&quot;bullets&quot;,&quot;icon&quot;:{&quot;value&quot;:&quot;&quot;,&quot;library&quot;:&quot;&quot;},&quot;_animation&quot;:&quot;none&quot;,&quot;_animation_delay&quot;:100,&quot;headings_by_tags&quot;:[&quot;h2&quot;,&quot;h3&quot;,&quot;h4&quot;,&quot;h5&quot;,&quot;h6&quot;],&quot;hierarchical_view&quot;:&quot;yes&quot;,&quot;min_height&quot;:{&quot;unit&quot;:&quot;px&quot;,&quot;size&quot;:&quot;&quot;,&quot;sizes&quot;:[]},&quot;min_height_tablet&quot;:{&quot;unit&quot;:&quot;px&quot;,&quot;size&quot;:&quot;&quot;,&quot;sizes&quot;:[]},&quot;min_height_mobile&quot;:{&quot;unit&quot;:&quot;px&quot;,&quot;size&quot;:&quot;&quot;,&quot;sizes&quot;:[]}}\" data-widget_type=\"table-of-contents.default\">\n\t\t\t\t<div class=\"elementor-widget-container\">\n\t\t\t\t\t<div class=\"elementor-toc__header\">\n\t\t\t<h4 class=\"elementor-toc__header-title\">\n\t\t\t\tInneh\u00e5ll\t\t\t<\/h4>\n\t\t\t\t\t<\/div>\n\t\t<div id=\"elementor-toc__9eb1225\" class=\"elementor-toc__body\">\n\t\t\t<div class=\"elementor-toc__spinner-container\">\n\t\t\t\t<i class=\"elementor-toc__spinner eicon-animation-spin eicon-loading\" aria-hidden=\"true\"><\/i>\t\t\t<\/div>\n\t\t<\/div>\n\t\t\t\t<\/div>\n\t\t\t\t<\/div>\n\t\t\t\t\t<\/div>\n\t\t<\/div>\n\t\t\t\t\t<\/div>\n\t\t<\/section>\n\t\t\t\t\t<\/div>\n\t\t<\/div>\n\t\t\t\t\t<\/div>\n\t\t<\/section>\n\t\t\t\t<section class=\"elementor-section elementor-top-section elementor-element elementor-element-e55e130 elementor-section-boxed elementor-section-height-default elementor-section-height-default\" data-id=\"e55e130\" data-element_type=\"section\">\n\t\t\t\t\t\t<div class=\"elementor-container elementor-column-gap-default\">\n\t\t\t\t\t<div class=\"elementor-column elementor-col-100 elementor-top-column elementor-element elementor-element-aea7dc6\" data-id=\"aea7dc6\" data-element_type=\"column\">\n\t\t\t<div class=\"elementor-widget-wrap elementor-element-populated\">\n\t\t\t\t\t\t<section class=\"elementor-section elementor-inner-section elementor-element elementor-element-ea64b4e elementor-section-boxed elementor-section-height-default elementor-section-height-default\" data-id=\"ea64b4e\" data-element_type=\"section\">\n\t\t\t\t\t\t<div class=\"elementor-container elementor-column-gap-default\">\n\t\t\t\t\t<div class=\"elementor-column elementor-col-50 elementor-inner-column elementor-element elementor-element-e6b797c\" data-id=\"e6b797c\" data-element_type=\"column\">\n\t\t\t<div class=\"elementor-widget-wrap\">\n\t\t\t\t\t\t\t<\/div>\n\t\t<\/div>\n\t\t\t\t<div class=\"elementor-column elementor-col-50 elementor-inner-column elementor-element elementor-element-60c7639\" data-id=\"60c7639\" data-element_type=\"column\">\n\t\t\t<div class=\"elementor-widget-wrap\">\n\t\t\t\t\t\t\t<\/div>\n\t\t<\/div>\n\t\t\t\t\t<\/div>\n\t\t<\/section>\n\t\t\t\t<section class=\"elementor-section elementor-inner-section elementor-element elementor-element-55a19e6 elementor-section-boxed elementor-section-height-default elementor-section-height-default\" data-id=\"55a19e6\" data-element_type=\"section\">\n\t\t\t\t\t\t<div class=\"elementor-container elementor-column-gap-default\">\n\t\t\t\t\t<div class=\"elementor-column elementor-col-50 elementor-inner-column elementor-element elementor-element-be46b3e\" data-id=\"be46b3e\" data-element_type=\"column\">\n\t\t\t<div class=\"elementor-widget-wrap\">\n\t\t\t\t\t\t\t<\/div>\n\t\t<\/div>\n\t\t\t\t<div class=\"elementor-column elementor-col-50 elementor-inner-column elementor-element elementor-element-1c54116 elementor-hidden-tablet elementor-hidden-mobile\" data-id=\"1c54116\" data-element_type=\"column\">\n\t\t\t<div class=\"elementor-widget-wrap\">\n\t\t\t\t\t\t\t<\/div>\n\t\t<\/div>\n\t\t\t\t\t<\/div>\n\t\t<\/section>\n\t\t\t\t\t<\/div>\n\t\t<\/div>\n\t\t\t\t\t<\/div>\n\t\t<\/section>\n\t\t\t\t<\/div>\n\t\t","protected":false},"excerpt":{"rendered":"<p>Integritetspolicy Introduktion www.certifycomply.com (\u201dwebbplatsen\u201d) drivs av Certify &amp; Comply Sweden AB. Denna sida informerar dig om v\u00e5ra policyer g\u00e4llande insamling, anv\u00e4ndning och spridning av personuppgifter som vi mottar fr\u00e5n anv\u00e4ndare [&hellip;]<\/p>\n","protected":false},"author":18,"featured_media":0,"parent":0,"menu_order":68,"comment_status":"closed","ping_status":"open","template":"","meta":{"_acf_changed":false,"footnotes":""},"class_list":["post-8005","page","type-page","status-publish","hentry"],"acf":[],"yoast_head":"<!-- This site is optimized with the Yoast SEO plugin v24.9 - https:\/\/yoast.com\/wordpress\/plugins\/seo\/ -->\n<title>Privacy Policy | Certify &amp; Comply<\/title>\n<meta name=\"robots\" content=\"index, follow, max-snippet:-1, max-image-preview:large, max-video-preview:-1\" \/>\n<link rel=\"canonical\" href=\"https:\/\/certifycomply.com\/sv\/privacy-policy\/\" \/>\n<meta property=\"og:locale\" content=\"sv_SE\" \/>\n<meta property=\"og:type\" content=\"article\" \/>\n<meta property=\"og:title\" content=\"Privacy Policy | Certify &amp; Comply\" \/>\n<meta property=\"og:description\" content=\"Integritetspolicy Introduktion www.certifycomply.com (\u201dwebbplatsen\u201d) drivs av Certify &amp; Comply Sweden AB. Denna sida informerar dig om v\u00e5ra policyer g\u00e4llande insamling, anv\u00e4ndning och spridning av personuppgifter som vi mottar fr\u00e5n anv\u00e4ndare [&hellip;]\" \/>\n<meta property=\"og:url\" content=\"https:\/\/certifycomply.com\/sv\/privacy-policy\/\" \/>\n<meta property=\"og:site_name\" content=\"Certify &amp; Comply\" \/>\n<meta property=\"article:modified_time\" content=\"2024-09-16T14:06:58+00:00\" \/>\n<meta property=\"og:image\" content=\"https:\/\/certifycomply.com\/wp-content\/uploads\/2024\/08\/logo_featureimage.png\" \/>\n\t<meta property=\"og:image:width\" content=\"1200\" \/>\n\t<meta property=\"og:image:height\" content=\"675\" \/>\n\t<meta property=\"og:image:type\" content=\"image\/png\" \/>\n<meta name=\"twitter:card\" content=\"summary_large_image\" \/>\n<meta name=\"twitter:label1\" content=\"Ber\u00e4knad l\u00e4stid\" \/>\n\t<meta name=\"twitter:data1\" content=\"4 minuter\" \/>\n<!-- \/ Yoast SEO plugin. -->","yoast_head_json":{"title":"Privacy Policy | Certify &amp; Comply","robots":{"index":"index","follow":"follow","max-snippet":"max-snippet:-1","max-image-preview":"max-image-preview:large","max-video-preview":"max-video-preview:-1"},"canonical":"https:\/\/certifycomply.com\/sv\/privacy-policy\/","og_locale":"sv_SE","og_type":"article","og_title":"Privacy Policy | Certify &amp; Comply","og_description":"Integritetspolicy Introduktion www.certifycomply.com (\u201dwebbplatsen\u201d) drivs av Certify &amp; Comply Sweden AB. Denna sida informerar dig om v\u00e5ra policyer g\u00e4llande insamling, anv\u00e4ndning och spridning av personuppgifter som vi mottar fr\u00e5n anv\u00e4ndare [&hellip;]","og_url":"https:\/\/certifycomply.com\/sv\/privacy-policy\/","og_site_name":"Certify &amp; Comply","article_modified_time":"2024-09-16T14:06:58+00:00","og_image":[{"width":1200,"height":675,"url":"https:\/\/certifycomply.com\/wp-content\/uploads\/2024\/08\/logo_featureimage.png","type":"image\/png"}],"twitter_card":"summary_large_image","twitter_misc":{"Ber\u00e4knad l\u00e4stid":"4 minuter"},"schema":{"@context":"https:\/\/schema.org","@graph":[{"@type":"WebPage","@id":"https:\/\/certifycomply.com\/sv\/privacy-policy\/","url":"https:\/\/certifycomply.com\/sv\/privacy-policy\/","name":"Privacy Policy | Certify &amp; Comply","isPartOf":{"@id":"https:\/\/certifycomply.com\/sv\/#website"},"datePublished":"2022-04-29T04:29:21+00:00","dateModified":"2024-09-16T14:06:58+00:00","breadcrumb":{"@id":"https:\/\/certifycomply.com\/sv\/privacy-policy\/#breadcrumb"},"inLanguage":"sv-SE","potentialAction":[{"@type":"ReadAction","target":["https:\/\/certifycomply.com\/sv\/privacy-policy\/"]}]},{"@type":"BreadcrumbList","@id":"https:\/\/certifycomply.com\/sv\/privacy-policy\/#breadcrumb","itemListElement":[{"@type":"ListItem","position":1,"name":"Hem","item":"https:\/\/certifycomply.com\/sv\/"},{"@type":"ListItem","position":2,"name":"Privacy Policy"}]},{"@type":"WebSite","@id":"https:\/\/certifycomply.com\/sv\/#website","url":"https:\/\/certifycomply.com\/sv\/","name":"Certify & Comply","description":"Certify &amp; Comply","publisher":{"@id":"https:\/\/certifycomply.com\/sv\/#organization"},"potentialAction":[{"@type":"SearchAction","target":{"@type":"EntryPoint","urlTemplate":"https:\/\/certifycomply.com\/sv\/?s={search_term_string}"},"query-input":{"@type":"PropertyValueSpecification","valueRequired":true,"valueName":"search_term_string"}}],"inLanguage":"sv-SE"},{"@type":"Organization","@id":"https:\/\/certifycomply.com\/sv\/#organization","name":"Certify & Comply","url":"https:\/\/certifycomply.com\/sv\/","logo":{"@type":"ImageObject","inLanguage":"sv-SE","@id":"https:\/\/certifycomply.com\/sv\/#\/schema\/logo\/image\/","url":"https:\/\/certcomply.hemhosting.se\/wp-content\/uploads\/2024\/08\/logo_featureimage.png","contentUrl":"https:\/\/certcomply.hemhosting.se\/wp-content\/uploads\/2024\/08\/logo_featureimage.png","width":1200,"height":675,"caption":"Certify & Comply"},"image":{"@id":"https:\/\/certifycomply.com\/sv\/#\/schema\/logo\/image\/"}}]}},"_links":{"self":[{"href":"https:\/\/certifycomply.com\/sv\/wp-json\/wp\/v2\/pages\/8005"}],"collection":[{"href":"https:\/\/certifycomply.com\/sv\/wp-json\/wp\/v2\/pages"}],"about":[{"href":"https:\/\/certifycomply.com\/sv\/wp-json\/wp\/v2\/types\/page"}],"author":[{"embeddable":true,"href":"https:\/\/certifycomply.com\/sv\/wp-json\/wp\/v2\/users\/18"}],"replies":[{"embeddable":true,"href":"https:\/\/certifycomply.com\/sv\/wp-json\/wp\/v2\/comments?post=8005"}],"version-history":[{"count":0,"href":"https:\/\/certifycomply.com\/sv\/wp-json\/wp\/v2\/pages\/8005\/revisions"}],"wp:attachment":[{"href":"https:\/\/certifycomply.com\/sv\/wp-json\/wp\/v2\/media?parent=8005"}],"curies":[{"name":"wp","href":"https:\/\/api.w.org\/{rel}","templated":true}]}}