{"id":7070,"date":"2024-07-24T12:06:01","date_gmt":"2024-07-24T12:06:01","guid":{"rendered":"https:\/\/certcomply.hemhosting.se\/?page_id=7070"},"modified":"2025-09-18T12:20:16","modified_gmt":"2025-09-18T12:20:16","slug":"kunskapsbas","status":"publish","type":"page","link":"https:\/\/certifycomply.com\/sv\/kunskapsbas\/","title":{"rendered":"Kunskapsbas"},"content":{"rendered":"\t\t<div data-elementor-type=\"wp-page\" data-elementor-id=\"7070\" class=\"elementor elementor-7070\" data-elementor-post-type=\"page\">\n\t\t\t\t\t\t<section class=\"elementor-section elementor-top-section elementor-element elementor-element-6ee5038 elementor-section-height-min-height elementor-section-boxed elementor-section-height-default elementor-section-items-middle\" data-id=\"6ee5038\" data-element_type=\"section\" data-settings=\"{&quot;background_background&quot;:&quot;classic&quot;}\">\n\t\t\t\t\t\t\t<div class=\"elementor-background-overlay\"><\/div>\n\t\t\t\t\t\t\t<div class=\"elementor-container elementor-column-gap-default\">\n\t\t\t\t\t<div class=\"elementor-column elementor-col-100 elementor-top-column elementor-element elementor-element-83ea6d6\" data-id=\"83ea6d6\" data-element_type=\"column\">\n\t\t\t<div class=\"elementor-widget-wrap elementor-element-populated\">\n\t\t\t\t\t\t<div class=\"elementor-element elementor-element-992714e elementor-widget elementor-widget-heading\" data-id=\"992714e\" data-element_type=\"widget\" data-widget_type=\"heading.default\">\n\t\t\t\t<div class=\"elementor-widget-container\">\n\t\t\t<h1 class=\"elementor-heading-title elementor-size-default\">L\u00e4r dig mer om CE-m\u00e4rkning genom v\u00e5r kunskapsbas<\/h1>\t\t<\/div>\n\t\t\t\t<\/div>\n\t\t\t\t<div class=\"elementor-element elementor-element-41dffab elementor-widget__width-initial elementor-widget elementor-widget-heading\" data-id=\"41dffab\" data-element_type=\"widget\" data-widget_type=\"heading.default\">\n\t\t\t\t<div class=\"elementor-widget-container\">\n\t\t\t<p class=\"elementor-heading-title elementor-size-default\">Vi hj\u00e4lper f\u00f6retag med de flesta typer av produkter inom CE-m\u00e4rkning och s\u00e4kerhet. I v\u00e5r kunskapsbas har vi samlat podcasts, blogginl\u00e4gg samt l\u00e4ngre artiklar om olika direktiv och f\u00f6rordningar. V\u00e5r kunskapsbas uppdateras med j\u00e4mna mellanrum f\u00f6r att st\u00e4ndigt h\u00e5lla dig som l\u00e4sare uppdaterad med det senaste inom CE-m\u00e4rkning och produkts\u00e4kerhet. Gl\u00f6m inte att prenumerera p\u00e5 v\u00e5rt nyhetsbrev f\u00f6r att f\u00e5 information om nyheter.<\/p>\t\t<\/div>\n\t\t\t\t<\/div>\n\t\t\t\t<div class=\"elementor-element elementor-element-781bbf2 elementor-align-center elementor-tablet-align-center newsletter-popup elementor-widget elementor-widget-button\" data-id=\"781bbf2\" data-element_type=\"widget\" data-widget_type=\"button.default\">\n\t\t\t\t<div class=\"elementor-widget-container\">\n\t\t\t\t\t<div class=\"elementor-button-wrapper\">\n\t\t\t<a class=\"elementor-button elementor-button-link elementor-size-md\" href=\"#\">\n\t\t\t\t\t\t<span class=\"elementor-button-content-wrapper\">\n\t\t\t\t\t\t\t\t\t<span class=\"elementor-button-text\">Nyhetsbrev<\/span>\n\t\t\t\t\t<\/span>\n\t\t\t\t\t<\/a>\n\t\t<\/div>\n\t\t\t\t<\/div>\n\t\t\t\t<\/div>\n\t\t\t\t\t<\/div>\n\t\t<\/div>\n\t\t\t\t\t<\/div>\n\t\t<\/section>\n\t\t\t\t<section class=\"elementor-section elementor-top-section elementor-element elementor-element-ae69104 elementor-section-boxed elementor-section-height-default elementor-section-height-default\" data-id=\"ae69104\" data-element_type=\"section\">\n\t\t\t\t\t\t<div class=\"elementor-container elementor-column-gap-default\">\n\t\t\t\t\t<div class=\"elementor-column elementor-col-100 elementor-top-column elementor-element elementor-element-a74c218\" data-id=\"a74c218\" data-element_type=\"column\">\n\t\t\t<div class=\"elementor-widget-wrap elementor-element-populated\">\n\t\t\t\t\t\t<section class=\"elementor-section elementor-inner-section elementor-element elementor-element-188037a elementor-section-boxed elementor-section-height-default elementor-section-height-default\" data-id=\"188037a\" data-element_type=\"section\">\n\t\t\t\t\t\t<div class=\"elementor-container elementor-column-gap-wider\">\n\t\t\t\t\t<div class=\"elementor-column elementor-col-33 elementor-inner-column elementor-element elementor-element-4c9bd9e\" data-id=\"4c9bd9e\" data-element_type=\"column\">\n\t\t\t<div class=\"elementor-widget-wrap elementor-element-populated\">\n\t\t\t\t\t\t<div class=\"elementor-element elementor-element-aa8315f elementor-widget__width-inherit elementor-widget elementor-widget-text-editor\" data-id=\"aa8315f\" data-element_type=\"widget\" data-widget_type=\"text-editor.default\">\n\t\t\t\t<div class=\"elementor-widget-container\">\n\t\t\t\t\t\t\t<h3><span style=\"color: var( --e-global-color-text );\">Podcasts<\/span><\/h3><p><span style=\"font-weight: 400;\">Certify &amp; Comply\u2019s podcast \u201cZ-files\u201d \u00e4r en podcast om CE-m\u00e4rkning. Inspelad med v\u00e5r grundare Roberth Jonsson som diskuterar olika \u00e4mnen med g\u00e4ster. <\/span><\/p>\t\t\t\t\t\t<\/div>\n\t\t\t\t<\/div>\n\t\t\t\t<div class=\"elementor-element elementor-element-4a89535 elementor-widget elementor-widget-button\" data-id=\"4a89535\" data-element_type=\"widget\" data-widget_type=\"button.default\">\n\t\t\t\t<div class=\"elementor-widget-container\">\n\t\t\t\t\t<div class=\"elementor-button-wrapper\">\n\t\t\t<a class=\"elementor-button elementor-button-link elementor-size-sm\" href=\"https:\/\/certifycomply.com\/sv\/podcasts\/\">\n\t\t\t\t\t\t<span class=\"elementor-button-content-wrapper\">\n\t\t\t\t\t\t\t\t\t<span class=\"elementor-button-text\">Lyssna p\u00e5 podden<\/span>\n\t\t\t\t\t<\/span>\n\t\t\t\t\t<\/a>\n\t\t<\/div>\n\t\t\t\t<\/div>\n\t\t\t\t<\/div>\n\t\t\t\t\t<\/div>\n\t\t<\/div>\n\t\t\t\t<div class=\"elementor-column elementor-col-33 elementor-inner-column elementor-element elementor-element-18bd4df\" data-id=\"18bd4df\" data-element_type=\"column\">\n\t\t\t<div class=\"elementor-widget-wrap elementor-element-populated\">\n\t\t\t\t\t\t<div class=\"elementor-element elementor-element-4b69243 elementor-widget elementor-widget-text-editor\" data-id=\"4b69243\" data-element_type=\"widget\" data-widget_type=\"text-editor.default\">\n\t\t\t\t<div class=\"elementor-widget-container\">\n\t\t\t\t\t\t\t<h3>Blogginl\u00e4gg<\/h3><p><span style=\"font-weight: 400;\">H\u00e4r hittar du v\u00e5r blogg med allt som r\u00f6r CE-m\u00e4rkning. Vi uppdaterar den med j\u00e4mna mellanrum och n\u00e4r n\u00e5got nytt h\u00e4nt.<\/span><\/p>\t\t\t\t\t\t<\/div>\n\t\t\t\t<\/div>\n\t\t\t\t<div class=\"elementor-element elementor-element-0abb02b elementor-widget elementor-widget-button\" data-id=\"0abb02b\" data-element_type=\"widget\" data-widget_type=\"button.default\">\n\t\t\t\t<div class=\"elementor-widget-container\">\n\t\t\t\t\t<div class=\"elementor-button-wrapper\">\n\t\t\t<a class=\"elementor-button elementor-button-link elementor-size-sm\" href=\"https:\/\/certifycomply.com\/sv\/blog\/\">\n\t\t\t\t\t\t<span class=\"elementor-button-content-wrapper\">\n\t\t\t\t\t\t\t\t\t<span class=\"elementor-button-text\">L\u00e4s bloggen<\/span>\n\t\t\t\t\t<\/span>\n\t\t\t\t\t<\/a>\n\t\t<\/div>\n\t\t\t\t<\/div>\n\t\t\t\t<\/div>\n\t\t\t\t\t<\/div>\n\t\t<\/div>\n\t\t\t\t<div class=\"elementor-column elementor-col-33 elementor-inner-column elementor-element elementor-element-f09adb6\" data-id=\"f09adb6\" data-element_type=\"column\">\n\t\t\t<div class=\"elementor-widget-wrap elementor-element-populated\">\n\t\t\t\t\t\t<div class=\"elementor-element elementor-element-d895646 elementor-widget elementor-widget-text-editor\" data-id=\"d895646\" data-element_type=\"widget\" data-widget_type=\"text-editor.default\">\n\t\t\t\t<div class=\"elementor-widget-container\">\n\t\t\t\t\t\t\t<h3>Om CE-m\u00e4rkning<\/h3><p><span style=\"font-weight: 400;\">H\u00e4r har vi skrivit en komplett guide om CE-m\u00e4rkning som \u00e4r perfekt f\u00f6r dig som \u00e4r nyb\u00f6rjare och vill f\u00e5 ett helhetsgrepp om \u00e4mnet. <\/span><\/p>\t\t\t\t\t\t<\/div>\n\t\t\t\t<\/div>\n\t\t\t\t<div class=\"elementor-element elementor-element-d3e66bf elementor-widget elementor-widget-button\" data-id=\"d3e66bf\" data-element_type=\"widget\" data-widget_type=\"button.default\">\n\t\t\t\t<div class=\"elementor-widget-container\">\n\t\t\t\t\t<div class=\"elementor-button-wrapper\">\n\t\t\t<a class=\"elementor-button elementor-button-link elementor-size-sm\" href=\"https:\/\/certifycomply.com\/sv\/allt-om-ce-markning\/\">\n\t\t\t\t\t\t<span class=\"elementor-button-content-wrapper\">\n\t\t\t\t\t\t\t\t\t<span class=\"elementor-button-text\">G\u00e5 till guiden om CE-m\u00e4rkning<\/span>\n\t\t\t\t\t<\/span>\n\t\t\t\t\t<\/a>\n\t\t<\/div>\n\t\t\t\t<\/div>\n\t\t\t\t<\/div>\n\t\t\t\t\t<\/div>\n\t\t<\/div>\n\t\t\t\t\t<\/div>\n\t\t<\/section>\n\t\t\t\t\t<\/div>\n\t\t<\/div>\n\t\t\t\t\t<\/div>\n\t\t<\/section>\n\t\t\t\t<section class=\"elementor-section elementor-top-section elementor-element elementor-element-94065cd elementor-section-boxed elementor-section-height-default elementor-section-height-default\" data-id=\"94065cd\" data-element_type=\"section\">\n\t\t\t\t\t\t<div class=\"elementor-container elementor-column-gap-default\">\n\t\t\t\t\t<div class=\"elementor-column elementor-col-100 elementor-top-column elementor-element elementor-element-8637978\" data-id=\"8637978\" data-element_type=\"column\">\n\t\t\t<div class=\"elementor-widget-wrap elementor-element-populated\">\n\t\t\t\t\t\t<div class=\"elementor-element elementor-element-38f24be elementor-widget__width-inherit elementor-widget elementor-widget-text-editor\" data-id=\"38f24be\" data-element_type=\"widget\" data-widget_type=\"text-editor.default\">\n\t\t\t\t<div class=\"elementor-widget-container\">\n\t\t\t\t\t\t\t<h3>Artiklar om olika direktiv och f\u00f6rordningar<\/h3>\t\t\t\t\t\t<\/div>\n\t\t\t\t<\/div>\n\t\t\t\t<section class=\"elementor-section elementor-inner-section elementor-element elementor-element-5a00ee7 elementor-section-boxed elementor-section-height-default elementor-section-height-default\" data-id=\"5a00ee7\" data-element_type=\"section\">\n\t\t\t\t\t\t<div class=\"elementor-container elementor-column-gap-wider\">\n\t\t\t\t\t<div class=\"elementor-column elementor-col-33 elementor-inner-column elementor-element elementor-element-936cf6c\" data-id=\"936cf6c\" data-element_type=\"column\">\n\t\t\t<div class=\"elementor-widget-wrap elementor-element-populated\">\n\t\t\t\t\t\t<div class=\"elementor-element elementor-element-07985b5 elementor-align-left elementor-widget elementor-widget-button\" data-id=\"07985b5\" data-element_type=\"widget\" data-widget_type=\"button.default\">\n\t\t\t\t<div class=\"elementor-widget-container\">\n\t\t\t\t\t<div class=\"elementor-button-wrapper\">\n\t\t\t<a class=\"elementor-button elementor-button-link elementor-size-sm\" href=\"https:\/\/certifycomply.com\/sv\/om-ce-markning\/personlig-skyddsutrustning-ppe\/\">\n\t\t\t\t\t\t<span class=\"elementor-button-content-wrapper\">\n\t\t\t\t\t\t\t\t\t<span class=\"elementor-button-text\">Personlig skyddsutrustning (PPE)<\/span>\n\t\t\t\t\t<\/span>\n\t\t\t\t\t<\/a>\n\t\t<\/div>\n\t\t\t\t<\/div>\n\t\t\t\t<\/div>\n\t\t\t\t<div class=\"elementor-element elementor-element-cc9bc3e elementor-widget elementor-widget-button\" data-id=\"cc9bc3e\" data-element_type=\"widget\" data-widget_type=\"button.default\">\n\t\t\t\t<div class=\"elementor-widget-container\">\n\t\t\t\t\t<div class=\"elementor-button-wrapper\">\n\t\t\t<a class=\"elementor-button elementor-button-link elementor-size-sm\" href=\"https:\/\/certifycomply.com\/sv\/om-ce-markning\/byggprodukter-cpr\/\">\n\t\t\t\t\t\t<span class=\"elementor-button-content-wrapper\">\n\t\t\t\t\t\t\t\t\t<span class=\"elementor-button-text\">Byggproduktf\u00f6rordningen<\/span>\n\t\t\t\t\t<\/span>\n\t\t\t\t\t<\/a>\n\t\t<\/div>\n\t\t\t\t<\/div>\n\t\t\t\t<\/div>\n\t\t\t\t<div class=\"elementor-element elementor-element-7c78796 elementor-widget elementor-widget-button\" data-id=\"7c78796\" data-element_type=\"widget\" data-widget_type=\"button.default\">\n\t\t\t\t<div class=\"elementor-widget-container\">\n\t\t\t\t\t<div class=\"elementor-button-wrapper\">\n\t\t\t<a class=\"elementor-button elementor-button-link elementor-size-sm\" href=\"https:\/\/certifycomply.com\/sv\/om-ce-markning\/marknadskontroll\/\">\n\t\t\t\t\t\t<span class=\"elementor-button-content-wrapper\">\n\t\t\t\t\t\t\t\t\t<span class=\"elementor-button-text\">Marknadskontroll<\/span>\n\t\t\t\t\t<\/span>\n\t\t\t\t\t<\/a>\n\t\t<\/div>\n\t\t\t\t<\/div>\n\t\t\t\t<\/div>\n\t\t\t\t<div class=\"elementor-element elementor-element-e1e2d82 elementor-widget elementor-widget-button\" data-id=\"e1e2d82\" data-element_type=\"widget\" data-widget_type=\"button.default\">\n\t\t\t\t<div class=\"elementor-widget-container\">\n\t\t\t\t\t<div class=\"elementor-button-wrapper\">\n\t\t\t<a class=\"elementor-button elementor-button-link elementor-size-sm\" href=\"https:\/\/certifycomply.com\/sv\/om-ce-markning\/producentansvar-epr\/\">\n\t\t\t\t\t\t<span class=\"elementor-button-content-wrapper\">\n\t\t\t\t\t\t\t\t\t<span class=\"elementor-button-text\">Producentansvar (EPR)<\/span>\n\t\t\t\t\t<\/span>\n\t\t\t\t\t<\/a>\n\t\t<\/div>\n\t\t\t\t<\/div>\n\t\t\t\t<\/div>\n\t\t\t\t\t<\/div>\n\t\t<\/div>\n\t\t\t\t<div class=\"elementor-column elementor-col-33 elementor-inner-column elementor-element elementor-element-9806ea0\" data-id=\"9806ea0\" data-element_type=\"column\">\n\t\t\t<div class=\"elementor-widget-wrap elementor-element-populated\">\n\t\t\t\t\t\t<div class=\"elementor-element elementor-element-0b31d37 elementor-widget elementor-widget-button\" data-id=\"0b31d37\" data-element_type=\"widget\" data-widget_type=\"button.default\">\n\t\t\t\t<div class=\"elementor-widget-container\">\n\t\t\t\t\t<div class=\"elementor-button-wrapper\">\n\t\t\t<a class=\"elementor-button elementor-button-link elementor-size-sm\" href=\"https:\/\/certifycomply.com\/sv\/om-ce-markning\/rohs\/\">\n\t\t\t\t\t\t<span class=\"elementor-button-content-wrapper\">\n\t\t\t\t\t\t\t\t\t<span class=\"elementor-button-text\">RoHS - Begr\u00e4nsning av farliga \u00e4mnen<\/span>\n\t\t\t\t\t<\/span>\n\t\t\t\t\t<\/a>\n\t\t<\/div>\n\t\t\t\t<\/div>\n\t\t\t\t<\/div>\n\t\t\t\t<div class=\"elementor-element elementor-element-7986a5d elementor-widget elementor-widget-button\" data-id=\"7986a5d\" data-element_type=\"widget\" data-widget_type=\"button.default\">\n\t\t\t\t<div class=\"elementor-widget-container\">\n\t\t\t\t\t<div class=\"elementor-button-wrapper\">\n\t\t\t<a class=\"elementor-button elementor-button-link elementor-size-sm\" href=\"https:\/\/certifycomply.com\/sv\/om-ce-markning\/ecodesign-erp\/\">\n\t\t\t\t\t\t<span class=\"elementor-button-content-wrapper\">\n\t\t\t\t\t\t\t\t\t<span class=\"elementor-button-text\">Ekodesigndirektivet<\/span>\n\t\t\t\t\t<\/span>\n\t\t\t\t\t<\/a>\n\t\t<\/div>\n\t\t\t\t<\/div>\n\t\t\t\t<\/div>\n\t\t\t\t<div class=\"elementor-element elementor-element-c6d5056 elementor-widget elementor-widget-button\" data-id=\"c6d5056\" data-element_type=\"widget\" data-widget_type=\"button.default\">\n\t\t\t\t<div class=\"elementor-widget-container\">\n\t\t\t\t\t<div class=\"elementor-button-wrapper\">\n\t\t\t<a class=\"elementor-button elementor-button-link elementor-size-sm\" href=\"https:\/\/certifycomply.com\/sv\/om-ce-markning\/lagspanningsdirektivet\/\">\n\t\t\t\t\t\t<span class=\"elementor-button-content-wrapper\">\n\t\t\t\t\t\t\t\t\t<span class=\"elementor-button-text\">L\u00e5gsp\u00e4nningsdirektivet 2014\/35\/EU<\/span>\n\t\t\t\t\t<\/span>\n\t\t\t\t\t<\/a>\n\t\t<\/div>\n\t\t\t\t<\/div>\n\t\t\t\t<\/div>\n\t\t\t\t\t<\/div>\n\t\t<\/div>\n\t\t\t\t<div class=\"elementor-column elementor-col-33 elementor-inner-column elementor-element elementor-element-ac59a2b\" data-id=\"ac59a2b\" data-element_type=\"column\">\n\t\t\t<div class=\"elementor-widget-wrap elementor-element-populated\">\n\t\t\t\t\t\t<div class=\"elementor-element elementor-element-6fa1f7b elementor-widget elementor-widget-button\" data-id=\"6fa1f7b\" data-element_type=\"widget\" data-widget_type=\"button.default\">\n\t\t\t\t<div class=\"elementor-widget-container\">\n\t\t\t\t\t<div class=\"elementor-button-wrapper\">\n\t\t\t<a class=\"elementor-button elementor-button-link elementor-size-sm\" href=\"https:\/\/certifycomply.com\/sv\/om-ce-markning\/maskindirektivet\/\">\n\t\t\t\t\t\t<span class=\"elementor-button-content-wrapper\">\n\t\t\t\t\t\t\t\t\t<span class=\"elementor-button-text\">Maskindirektivet<\/span>\n\t\t\t\t\t<\/span>\n\t\t\t\t\t<\/a>\n\t\t<\/div>\n\t\t\t\t<\/div>\n\t\t\t\t<\/div>\n\t\t\t\t<div class=\"elementor-element elementor-element-b6d4a8e elementor-widget elementor-widget-button\" data-id=\"b6d4a8e\" data-element_type=\"widget\" data-widget_type=\"button.default\">\n\t\t\t\t<div class=\"elementor-widget-container\">\n\t\t\t\t\t<div class=\"elementor-button-wrapper\">\n\t\t\t<a class=\"elementor-button elementor-button-link elementor-size-sm\" href=\"https:\/\/certifycomply.com\/sv\/om-ce-markning\/radiodirektivet\/\">\n\t\t\t\t\t\t<span class=\"elementor-button-content-wrapper\">\n\t\t\t\t\t\t\t\t\t<span class=\"elementor-button-text\">Radiodirektivet<\/span>\n\t\t\t\t\t<\/span>\n\t\t\t\t\t<\/a>\n\t\t<\/div>\n\t\t\t\t<\/div>\n\t\t\t\t<\/div>\n\t\t\t\t<div class=\"elementor-element elementor-element-fd3c144 elementor-widget elementor-widget-button\" data-id=\"fd3c144\" data-element_type=\"widget\" data-widget_type=\"button.default\">\n\t\t\t\t<div class=\"elementor-widget-container\">\n\t\t\t\t\t<div class=\"elementor-button-wrapper\">\n\t\t\t<a class=\"elementor-button elementor-button-link elementor-size-sm\" href=\"https:\/\/certifycomply.com\/sv\/om-ce-markning\/emc-direktivet\/\">\n\t\t\t\t\t\t<span class=\"elementor-button-content-wrapper\">\n\t\t\t\t\t\t\t\t\t<span class=\"elementor-button-text\">EMC direktivet<\/span>\n\t\t\t\t\t<\/span>\n\t\t\t\t\t<\/a>\n\t\t<\/div>\n\t\t\t\t<\/div>\n\t\t\t\t<\/div>\n\t\t\t\t\t<\/div>\n\t\t<\/div>\n\t\t\t\t\t<\/div>\n\t\t<\/section>\n\t\t\t\t\t<\/div>\n\t\t<\/div>\n\t\t\t\t\t<\/div>\n\t\t<\/section>\n\t\t\t\t<section class=\"elementor-section elementor-top-section elementor-element elementor-element-a71195a elementor-section-boxed elementor-section-height-default elementor-section-height-default\" data-id=\"a71195a\" data-element_type=\"section\">\n\t\t\t\t\t\t<div class=\"elementor-container elementor-column-gap-default\">\n\t\t\t\t\t<div class=\"elementor-column elementor-col-100 elementor-top-column elementor-element elementor-element-6185d1c\" data-id=\"6185d1c\" data-element_type=\"column\">\n\t\t\t<div class=\"elementor-widget-wrap elementor-element-populated\">\n\t\t\t\t\t\t<div class=\"elementor-element elementor-element-ceee03a elementor-widget elementor-widget-text-editor\" data-id=\"ceee03a\" data-element_type=\"widget\" data-widget_type=\"text-editor.default\">\n\t\t\t\t<div class=\"elementor-widget-container\">\n\t\t\t\t\t\t\t<p><span style=\"font-weight: 400;\">Saknar du n\u00e5got inneh\u00e5ll i v\u00e5r kunskapsbas? Tveka inte att kontakta oss f\u00f6r att tipsa om mer \u00e4mnen att ta upp<\/span><span style=\"font-weight: 400;\">. <\/span><\/p>\t\t\t\t\t\t<\/div>\n\t\t\t\t<\/div>\n\t\t\t\t<div class=\"elementor-element elementor-element-72965ba elementor-align-center contact-popup elementor-widget elementor-widget-button\" data-id=\"72965ba\" data-element_type=\"widget\" data-widget_type=\"button.default\">\n\t\t\t\t<div class=\"elementor-widget-container\">\n\t\t\t\t\t<div class=\"elementor-button-wrapper\">\n\t\t\t<a class=\"elementor-button elementor-button-link elementor-size-sm\" href=\"#contact\">\n\t\t\t\t\t\t<span class=\"elementor-button-content-wrapper\">\n\t\t\t\t\t\t\t\t\t<span class=\"elementor-button-text\">Kontakta oss<\/span>\n\t\t\t\t\t<\/span>\n\t\t\t\t\t<\/a>\n\t\t<\/div>\n\t\t\t\t<\/div>\n\t\t\t\t<\/div>\n\t\t\t\t\t<\/div>\n\t\t<\/div>\n\t\t\t\t\t<\/div>\n\t\t<\/section>\n\t\t\t\t<\/div>\n\t\t","protected":false},"excerpt":{"rendered":"<p>L\u00e4r dig mer om CE-m\u00e4rkning genom v\u00e5r kunskapsbas Vi hj\u00e4lper f\u00f6retag med de flesta typer av produkter inom CE-m\u00e4rkning och s\u00e4kerhet. I v\u00e5r kunskapsbas har vi samlat podcasts, blogginl\u00e4gg samt [&hellip;]<\/p>\n","protected":false},"author":18,"featured_media":0,"parent":0,"menu_order":20,"comment_status":"closed","ping_status":"closed","template":"","meta":{"_acf_changed":false,"footnotes":""},"class_list":["post-7070","page","type-page","status-publish","hentry"],"acf":[],"yoast_head":"<!-- This site is optimized with the Yoast SEO plugin v24.9 - https:\/\/yoast.com\/wordpress\/plugins\/seo\/ -->\n<title>CE-m\u00e4rkning | L\u00e4r dig mer i v\u00e5r kunskapsbas | Certify &amp; Comply<\/title>\n<meta name=\"description\" content=\"L\u00e4r dig mer om allt som r\u00f6r CE-m\u00e4rkning. Vi har v\u00e4lskrivna blogginl\u00e4gg, podcasts och mycket mer att ta del av.\" \/>\n<meta name=\"robots\" content=\"index, follow, max-snippet:-1, max-image-preview:large, max-video-preview:-1\" \/>\n<link rel=\"canonical\" href=\"https:\/\/certifycomply.com\/sv\/kunskapsbas\/\" \/>\n<meta property=\"og:locale\" content=\"sv_SE\" \/>\n<meta property=\"og:type\" content=\"article\" \/>\n<meta property=\"og:title\" content=\"CE-m\u00e4rkning | L\u00e4r dig mer i v\u00e5r kunskapsbas | Certify &amp; Comply\" \/>\n<meta property=\"og:description\" content=\"L\u00e4r dig mer om allt som r\u00f6r CE-m\u00e4rkning. Vi har v\u00e4lskrivna blogginl\u00e4gg, podcasts och mycket mer att ta del av.\" \/>\n<meta property=\"og:url\" content=\"https:\/\/certifycomply.com\/sv\/kunskapsbas\/\" \/>\n<meta property=\"og:site_name\" content=\"Certify &amp; Comply\" \/>\n<meta property=\"article:modified_time\" content=\"2025-09-18T12:20:16+00:00\" \/>\n<meta property=\"og:image\" content=\"https:\/\/certifycomply.com\/wp-content\/uploads\/2024\/08\/logo_featureimage.png\" \/>\n\t<meta property=\"og:image:width\" content=\"1200\" \/>\n\t<meta property=\"og:image:height\" content=\"675\" \/>\n\t<meta property=\"og:image:type\" content=\"image\/png\" \/>\n<meta name=\"twitter:card\" content=\"summary_large_image\" \/>\n<meta name=\"twitter:label1\" content=\"Ber\u00e4knad l\u00e4stid\" \/>\n\t<meta name=\"twitter:data1\" content=\"1 minut\" \/>\n<!-- \/ Yoast SEO plugin. -->","yoast_head_json":{"title":"CE-m\u00e4rkning | L\u00e4r dig mer i v\u00e5r kunskapsbas | Certify &amp; Comply","description":"L\u00e4r dig mer om allt som r\u00f6r CE-m\u00e4rkning. Vi har v\u00e4lskrivna blogginl\u00e4gg, podcasts och mycket mer att ta del av.","robots":{"index":"index","follow":"follow","max-snippet":"max-snippet:-1","max-image-preview":"max-image-preview:large","max-video-preview":"max-video-preview:-1"},"canonical":"https:\/\/certifycomply.com\/sv\/kunskapsbas\/","og_locale":"sv_SE","og_type":"article","og_title":"CE-m\u00e4rkning | L\u00e4r dig mer i v\u00e5r kunskapsbas | Certify &amp; Comply","og_description":"L\u00e4r dig mer om allt som r\u00f6r CE-m\u00e4rkning. Vi har v\u00e4lskrivna blogginl\u00e4gg, podcasts och mycket mer att ta del av.","og_url":"https:\/\/certifycomply.com\/sv\/kunskapsbas\/","og_site_name":"Certify &amp; Comply","article_modified_time":"2025-09-18T12:20:16+00:00","og_image":[{"width":1200,"height":675,"url":"https:\/\/certifycomply.com\/wp-content\/uploads\/2024\/08\/logo_featureimage.png","type":"image\/png"}],"twitter_card":"summary_large_image","twitter_misc":{"Ber\u00e4knad l\u00e4stid":"1 minut"},"schema":{"@context":"https:\/\/schema.org","@graph":[{"@type":"WebPage","@id":"https:\/\/certifycomply.com\/sv\/kunskapsbas\/","url":"https:\/\/certifycomply.com\/sv\/kunskapsbas\/","name":"CE-m\u00e4rkning | L\u00e4r dig mer i v\u00e5r kunskapsbas | Certify &amp; Comply","isPartOf":{"@id":"https:\/\/certifycomply.com\/sv\/#website"},"datePublished":"2024-07-24T12:06:01+00:00","dateModified":"2025-09-18T12:20:16+00:00","description":"L\u00e4r dig mer om allt som r\u00f6r CE-m\u00e4rkning. Vi har v\u00e4lskrivna blogginl\u00e4gg, podcasts och mycket mer att ta del av.","breadcrumb":{"@id":"https:\/\/certifycomply.com\/sv\/kunskapsbas\/#breadcrumb"},"inLanguage":"sv-SE","potentialAction":[{"@type":"ReadAction","target":["https:\/\/certifycomply.com\/sv\/kunskapsbas\/"]}]},{"@type":"BreadcrumbList","@id":"https:\/\/certifycomply.com\/sv\/kunskapsbas\/#breadcrumb","itemListElement":[{"@type":"ListItem","position":1,"name":"Hem","item":"https:\/\/certifycomply.com\/sv\/"},{"@type":"ListItem","position":2,"name":"Kunskapsbas"}]},{"@type":"WebSite","@id":"https:\/\/certifycomply.com\/sv\/#website","url":"https:\/\/certifycomply.com\/sv\/","name":"Certify & Comply","description":"Certify &amp; Comply","publisher":{"@id":"https:\/\/certifycomply.com\/sv\/#organization"},"potentialAction":[{"@type":"SearchAction","target":{"@type":"EntryPoint","urlTemplate":"https:\/\/certifycomply.com\/sv\/?s={search_term_string}"},"query-input":{"@type":"PropertyValueSpecification","valueRequired":true,"valueName":"search_term_string"}}],"inLanguage":"sv-SE"},{"@type":"Organization","@id":"https:\/\/certifycomply.com\/sv\/#organization","name":"Certify & Comply","url":"https:\/\/certifycomply.com\/sv\/","logo":{"@type":"ImageObject","inLanguage":"sv-SE","@id":"https:\/\/certifycomply.com\/sv\/#\/schema\/logo\/image\/","url":"https:\/\/certcomply.hemhosting.se\/wp-content\/uploads\/2024\/08\/logo_featureimage.png","contentUrl":"https:\/\/certcomply.hemhosting.se\/wp-content\/uploads\/2024\/08\/logo_featureimage.png","width":1200,"height":675,"caption":"Certify & Comply"},"image":{"@id":"https:\/\/certifycomply.com\/sv\/#\/schema\/logo\/image\/"}}]}},"_links":{"self":[{"href":"https:\/\/certifycomply.com\/sv\/wp-json\/wp\/v2\/pages\/7070"}],"collection":[{"href":"https:\/\/certifycomply.com\/sv\/wp-json\/wp\/v2\/pages"}],"about":[{"href":"https:\/\/certifycomply.com\/sv\/wp-json\/wp\/v2\/types\/page"}],"author":[{"embeddable":true,"href":"https:\/\/certifycomply.com\/sv\/wp-json\/wp\/v2\/users\/18"}],"replies":[{"embeddable":true,"href":"https:\/\/certifycomply.com\/sv\/wp-json\/wp\/v2\/comments?post=7070"}],"version-history":[{"count":1,"href":"https:\/\/certifycomply.com\/sv\/wp-json\/wp\/v2\/pages\/7070\/revisions"}],"predecessor-version":[{"id":9505,"href":"https:\/\/certifycomply.com\/sv\/wp-json\/wp\/v2\/pages\/7070\/revisions\/9505"}],"wp:attachment":[{"href":"https:\/\/certifycomply.com\/sv\/wp-json\/wp\/v2\/media?parent=7070"}],"curies":[{"name":"wp","href":"https:\/\/api.w.org\/{rel}","templated":true}]}}