{"id":3884,"date":"2022-10-06T05:00:29","date_gmt":"2022-10-06T05:00:29","guid":{"rendered":"https:\/\/zatisfy-international.com\/?page_id=3884"},"modified":"2025-03-27T10:11:37","modified_gmt":"2025-03-27T10:11:37","slug":"karriarer","status":"publish","type":"page","link":"https:\/\/certifycomply.com\/sv\/om-oss\/karriarer\/","title":{"rendered":"Karri\u00e4r"},"content":{"rendered":"\t\t<div data-elementor-type=\"wp-page\" data-elementor-id=\"3884\" class=\"elementor elementor-3884 elementor-3883\" data-elementor-post-type=\"page\">\n\t\t\t\t\t\t<section class=\"elementor-section elementor-top-section elementor-element elementor-element-294450d5 elementor-section-height-min-height elementor-section-boxed elementor-section-height-default elementor-section-items-middle\" data-id=\"294450d5\" data-element_type=\"section\" data-settings=\"{&quot;background_background&quot;:&quot;classic&quot;}\">\n\t\t\t\t\t\t\t<div class=\"elementor-background-overlay\"><\/div>\n\t\t\t\t\t\t\t<div class=\"elementor-container elementor-column-gap-default\">\n\t\t\t\t\t<div class=\"elementor-column elementor-col-100 elementor-top-column elementor-element elementor-element-6211a0f6\" data-id=\"6211a0f6\" data-element_type=\"column\">\n\t\t\t<div class=\"elementor-widget-wrap elementor-element-populated\">\n\t\t\t\t\t\t<div class=\"elementor-element elementor-element-6b0c4d0f elementor-widget elementor-widget-heading\" data-id=\"6b0c4d0f\" data-element_type=\"widget\" data-widget_type=\"heading.default\">\n\t\t\t\t<div class=\"elementor-widget-container\">\n\t\t\t<h2 class=\"elementor-heading-title elementor-size-default\">Karri\u00e4rer<\/h2>\t\t<\/div>\n\t\t\t\t<\/div>\n\t\t\t\t<div class=\"elementor-element elementor-element-1915b605 elementor-widget__width-initial elementor-widget elementor-widget-heading\" data-id=\"1915b605\" data-element_type=\"widget\" data-widget_type=\"heading.default\">\n\t\t\t\t<div class=\"elementor-widget-container\">\n\t\t\t<p class=\"elementor-heading-title elementor-size-default\">Vill du vara med och hj\u00e4lpa f\u00f6retag att s\u00e4lja s\u00e4kra och lagliga produkter? L\u00e4s vilka \u00f6ppna tj\u00e4nster vi har just nu ute och ans\u00f6k idag!<\/p>\t\t<\/div>\n\t\t\t\t<\/div>\n\t\t\t\t<div class=\"elementor-element elementor-element-0886912 elementor-align-center contact-popup elementor-widget elementor-widget-button\" data-id=\"0886912\" data-element_type=\"widget\" data-widget_type=\"button.default\">\n\t\t\t\t<div class=\"elementor-widget-container\">\n\t\t\t\t\t<div class=\"elementor-button-wrapper\">\n\t\t\t<a class=\"elementor-button elementor-button-link elementor-size-md\" href=\"\/contact-us\/\">\n\t\t\t\t\t\t<span class=\"elementor-button-content-wrapper\">\n\t\t\t\t\t\t\t\t\t<span class=\"elementor-button-text\">Kontakta oss<\/span>\n\t\t\t\t\t<\/span>\n\t\t\t\t\t<\/a>\n\t\t<\/div>\n\t\t\t\t<\/div>\n\t\t\t\t<\/div>\n\t\t\t\t\t<\/div>\n\t\t<\/div>\n\t\t\t\t\t<\/div>\n\t\t<\/section>\n\t\t\t\t<section class=\"elementor-section elementor-top-section elementor-element elementor-element-821a8af elementor-section-boxed elementor-section-height-default elementor-section-height-default\" data-id=\"821a8af\" data-element_type=\"section\">\n\t\t\t\t\t\t<div class=\"elementor-container elementor-column-gap-default\">\n\t\t\t\t\t<div class=\"elementor-column elementor-col-100 elementor-top-column elementor-element elementor-element-5548fa7\" data-id=\"5548fa7\" data-element_type=\"column\">\n\t\t\t<div class=\"elementor-widget-wrap elementor-element-populated\">\n\t\t\t\t\t\t<div class=\"elementor-element elementor-element-195343d elementor-widget elementor-widget-heading\" data-id=\"195343d\" data-element_type=\"widget\" data-widget_type=\"heading.default\">\n\t\t\t\t<div class=\"elementor-widget-container\">\n\t\t\t<h2 class=\"elementor-heading-title elementor-size-default\">Arbeta med oss!<\/h2>\t\t<\/div>\n\t\t\t\t<\/div>\n\t\t\t\t<div class=\"elementor-element elementor-element-7bb64a2 elementor-widget elementor-widget-text-editor\" data-id=\"7bb64a2\" data-element_type=\"widget\" data-widget_type=\"text-editor.default\">\n\t\t\t\t<div class=\"elementor-widget-container\">\n\t\t\t\t\t\t\t<p>Vi s\u00f6ker alltid efter duktigt folk, men ibland letar vi lite extra efter personer med speciella kompetenser. Du hittar aktuella tj\u00e4nster nedan men finns inga listade jobb kan du alltid skriva en spontan ans\u00f6kan och skicka till <a href=\"mailto:info@certifycomply.com\">info@certifycomply.com<\/a>.<\/p>\t\t\t\t\t\t<\/div>\n\t\t\t\t<\/div>\n\t\t\t\t\t<\/div>\n\t\t<\/div>\n\t\t\t\t\t<\/div>\n\t\t<\/section>\n\t\t\t\t<section class=\"elementor-section elementor-top-section elementor-element elementor-element-e48a04f elementor-section-boxed elementor-section-height-default elementor-section-height-default\" data-id=\"e48a04f\" data-element_type=\"section\">\n\t\t\t\t\t\t<div class=\"elementor-container elementor-column-gap-default\">\n\t\t\t\t\t<div class=\"elementor-column elementor-col-100 elementor-top-column elementor-element elementor-element-390eef8\" data-id=\"390eef8\" data-element_type=\"column\">\n\t\t\t<div class=\"elementor-widget-wrap elementor-element-populated\">\n\t\t\t\t\t\t<div class=\"elementor-element elementor-element-81d9784 elementor-widget elementor-widget-heading\" data-id=\"81d9784\" data-element_type=\"widget\" data-widget_type=\"heading.default\">\n\t\t\t\t<div class=\"elementor-widget-container\">\n\t\t\t<h2 class=\"elementor-heading-title elementor-size-default\">Vad erbjuder vi?<\/h2>\t\t<\/div>\n\t\t\t\t<\/div>\n\t\t\t\t<div class=\"elementor-element elementor-element-fed6971 elementor-widget elementor-widget-text-editor\" data-id=\"fed6971\" data-element_type=\"widget\" data-widget_type=\"text-editor.default\">\n\t\t\t\t<div class=\"elementor-widget-container\">\n\t\t\t\t\t\t\t<ul><li>Flexibla arbetstider. Det spelar ingen roll om du \u00e4r nattuggla eller early-bird, bara du \u00e4r tillg\u00e4nglig vid m\u00f6ten med dina kollegor eller kunder s\u00e5 jobbar du n\u00e4r du vill.<\/li><li>Flexibel arbetsplats. Vi har fina lokaler men v\u00e5rt arbete kan i perioder utf\u00f6ras var som helst ifr\u00e5n oavsett om det \u00e4r hemma, i fj\u00e4llen eller i Spanien.<\/li><li>Balans mellan fritid och arbete. Vi tror att man presterar b\u00e4st om man m\u00e5r bra och m\u00e5r bra g\u00f6r man genom att ha en meningsfull fritid och vi uppmuntrar det.<\/li><li>Familjen f\u00f6rst. \u00d6vertid \u00e4r inget vi efterstr\u00e4var och sj\u00e4lvklart f\u00e5r man ledigt f\u00f6r skolavslutningar eller vad det nu m\u00e5 vara.<\/li><li>Bra l\u00f6ner. L\u00f6nerna \u00e4r marknadsm\u00e4ssiga.<\/li><li>Fina lokaler. Vi sitter p\u00e5 Lumaf f\u00f6retagscenter i Ume\u00e5, Teg i ljusa och fina lokaler med bra l\u00e4ge mot centrum och flygplatsen.<\/li><\/ul>\t\t\t\t\t\t<\/div>\n\t\t\t\t<\/div>\n\t\t\t\t\t<\/div>\n\t\t<\/div>\n\t\t\t\t\t<\/div>\n\t\t<\/section>\n\t\t\t\t<section class=\"elementor-section elementor-top-section elementor-element elementor-element-4b4ed4f elementor-section-boxed elementor-section-height-default elementor-section-height-default\" data-id=\"4b4ed4f\" data-element_type=\"section\">\n\t\t\t\t\t\t<div class=\"elementor-container elementor-column-gap-default\">\n\t\t\t\t\t<div class=\"elementor-column elementor-col-100 elementor-top-column elementor-element elementor-element-d52d65a\" data-id=\"d52d65a\" data-element_type=\"column\">\n\t\t\t<div class=\"elementor-widget-wrap elementor-element-populated\">\n\t\t\t\t\t\t<div class=\"elementor-element elementor-element-86783e3 elementor-widget elementor-widget-heading\" data-id=\"86783e3\" data-element_type=\"widget\" data-widget_type=\"heading.default\">\n\t\t\t\t<div class=\"elementor-widget-container\">\n\t\t\t<h2 class=\"elementor-heading-title elementor-size-default\">Vilka \u00e4r vi?<\/h2>\t\t<\/div>\n\t\t\t\t<\/div>\n\t\t\t\t<div class=\"elementor-element elementor-element-4495b22 elementor-widget elementor-widget-text-editor\" data-id=\"4495b22\" data-element_type=\"widget\" data-widget_type=\"text-editor.default\">\n\t\t\t\t<div class=\"elementor-widget-container\">\n\t\t\t\t\t\t\t<p>Vi \u00e4r ett litet konsultbolag med stora internationella kunder likv\u00e4l som sm\u00e5 lokala startups som jobbar med n\u00e5got som vi tycker \u00e4r v\u00e4ldigt viktigt, roligt och intressant, n\u00e4mligen produkts\u00e4kerhet och kravefterlevnad. Det vi anser \u00e4r v\u00e5rt uppdrag \u00e4r att informera, utbilda och konsultera v\u00e5ra kunder s\u00e5 att de kan s\u00e4lja sina produkter lagligt i EU och att produkterna och produktionslinjer \u00e4r s\u00e4kra och uppfyller alla relevanta lagkrav. V\u00e5r vision \u00e4r att bli en prim\u00e4r aff\u00e4rsl\u00f6sning f\u00f6r nordiska f\u00f6retag som vill s\u00e4lja produkter lagligt i hela Europa och Storbrittanien och vi jobbar med att n\u00e5 dit p\u00e5 m\u00e5nga olika s\u00e4tt.<\/p><p><a href=\"https:\/\/certifycomply.com\/sv\/om-oss\/\">L\u00e4s mer om oss h\u00e4r.<\/a><\/p><p>\u00c4r det dig vi f\u00e5r h\u00e4lsa v\u00e4lkommen h\u00e4rn\u00e4st?\u00a0<\/p>\t\t\t\t\t\t<\/div>\n\t\t\t\t<\/div>\n\t\t\t\t\t<\/div>\n\t\t<\/div>\n\t\t\t\t\t<\/div>\n\t\t<\/section>\n\t\t\t\t<\/div>\n\t\t","protected":false},"excerpt":{"rendered":"<p>Karri\u00e4rer Vill du vara med och hj\u00e4lpa f\u00f6retag att s\u00e4lja s\u00e4kra och lagliga produkter? L\u00e4s vilka \u00f6ppna tj\u00e4nster vi har just nu ute och ans\u00f6k idag! Kontakta oss Arbeta med [&hellip;]<\/p>\n","protected":false},"author":3,"featured_media":0,"parent":1146,"menu_order":19,"comment_status":"closed","ping_status":"closed","template":"elementor_header_footer","meta":{"_acf_changed":false,"footnotes":""},"class_list":["post-3884","page","type-page","status-publish","hentry"],"acf":[],"yoast_head":"<!-- This site is optimized with the Yoast SEO plugin v24.9 - https:\/\/yoast.com\/wordpress\/plugins\/seo\/ -->\n<title>Karri\u00e4r | Certify &amp; Comply<\/title>\n<meta name=\"robots\" content=\"index, follow, max-snippet:-1, max-image-preview:large, max-video-preview:-1\" \/>\n<link rel=\"canonical\" href=\"https:\/\/certifycomply.com\/sv\/om-oss\/karriarer\/\" \/>\n<meta property=\"og:locale\" content=\"sv_SE\" \/>\n<meta property=\"og:type\" content=\"article\" \/>\n<meta property=\"og:title\" content=\"Karri\u00e4r | Certify &amp; Comply\" \/>\n<meta property=\"og:description\" content=\"Karri\u00e4rer Vill du vara med och hj\u00e4lpa f\u00f6retag att s\u00e4lja s\u00e4kra och lagliga produkter? L\u00e4s vilka \u00f6ppna tj\u00e4nster vi har just nu ute och ans\u00f6k idag! Kontakta oss Arbeta med [&hellip;]\" \/>\n<meta property=\"og:url\" content=\"https:\/\/certifycomply.com\/sv\/om-oss\/karriarer\/\" \/>\n<meta property=\"og:site_name\" content=\"Certify &amp; Comply\" \/>\n<meta property=\"article:modified_time\" content=\"2025-03-27T10:11:37+00:00\" \/>\n<meta property=\"og:image\" content=\"https:\/\/certifycomply.com\/wp-content\/uploads\/2024\/08\/logo_featureimage.png\" \/>\n\t<meta property=\"og:image:width\" content=\"1200\" \/>\n\t<meta property=\"og:image:height\" content=\"675\" \/>\n\t<meta property=\"og:image:type\" content=\"image\/png\" \/>\n<meta name=\"twitter:card\" content=\"summary_large_image\" \/>\n<meta name=\"twitter:label1\" content=\"Ber\u00e4knad l\u00e4stid\" \/>\n\t<meta name=\"twitter:data1\" content=\"2 minuter\" \/>\n<!-- \/ Yoast SEO plugin. -->","yoast_head_json":{"title":"Karri\u00e4r | Certify &amp; Comply","robots":{"index":"index","follow":"follow","max-snippet":"max-snippet:-1","max-image-preview":"max-image-preview:large","max-video-preview":"max-video-preview:-1"},"canonical":"https:\/\/certifycomply.com\/sv\/om-oss\/karriarer\/","og_locale":"sv_SE","og_type":"article","og_title":"Karri\u00e4r | Certify &amp; Comply","og_description":"Karri\u00e4rer Vill du vara med och hj\u00e4lpa f\u00f6retag att s\u00e4lja s\u00e4kra och lagliga produkter? L\u00e4s vilka \u00f6ppna tj\u00e4nster vi har just nu ute och ans\u00f6k idag! Kontakta oss Arbeta med [&hellip;]","og_url":"https:\/\/certifycomply.com\/sv\/om-oss\/karriarer\/","og_site_name":"Certify &amp; Comply","article_modified_time":"2025-03-27T10:11:37+00:00","og_image":[{"width":1200,"height":675,"url":"https:\/\/certifycomply.com\/wp-content\/uploads\/2024\/08\/logo_featureimage.png","type":"image\/png"}],"twitter_card":"summary_large_image","twitter_misc":{"Ber\u00e4knad l\u00e4stid":"2 minuter"},"schema":{"@context":"https:\/\/schema.org","@graph":[{"@type":"WebPage","@id":"https:\/\/certifycomply.com\/sv\/om-oss\/karriarer\/","url":"https:\/\/certifycomply.com\/sv\/om-oss\/karriarer\/","name":"Karri\u00e4r | Certify &amp; Comply","isPartOf":{"@id":"https:\/\/certifycomply.com\/sv\/#website"},"datePublished":"2022-10-06T05:00:29+00:00","dateModified":"2025-03-27T10:11:37+00:00","breadcrumb":{"@id":"https:\/\/certifycomply.com\/sv\/om-oss\/karriarer\/#breadcrumb"},"inLanguage":"sv-SE","potentialAction":[{"@type":"ReadAction","target":["https:\/\/certifycomply.com\/sv\/om-oss\/karriarer\/"]}]},{"@type":"BreadcrumbList","@id":"https:\/\/certifycomply.com\/sv\/om-oss\/karriarer\/#breadcrumb","itemListElement":[{"@type":"ListItem","position":1,"name":"Hem","item":"https:\/\/certifycomply.com\/sv\/"},{"@type":"ListItem","position":2,"name":"Om oss","item":"https:\/\/certifycomply.com\/sv\/about\/"},{"@type":"ListItem","position":3,"name":"Karri\u00e4r"}]},{"@type":"WebSite","@id":"https:\/\/certifycomply.com\/sv\/#website","url":"https:\/\/certifycomply.com\/sv\/","name":"Certify & Comply","description":"Certify &amp; Comply","publisher":{"@id":"https:\/\/certifycomply.com\/sv\/#organization"},"potentialAction":[{"@type":"SearchAction","target":{"@type":"EntryPoint","urlTemplate":"https:\/\/certifycomply.com\/sv\/?s={search_term_string}"},"query-input":{"@type":"PropertyValueSpecification","valueRequired":true,"valueName":"search_term_string"}}],"inLanguage":"sv-SE"},{"@type":"Organization","@id":"https:\/\/certifycomply.com\/sv\/#organization","name":"Certify & Comply","url":"https:\/\/certifycomply.com\/sv\/","logo":{"@type":"ImageObject","inLanguage":"sv-SE","@id":"https:\/\/certifycomply.com\/sv\/#\/schema\/logo\/image\/","url":"https:\/\/certcomply.hemhosting.se\/wp-content\/uploads\/2024\/08\/logo_featureimage.png","contentUrl":"https:\/\/certcomply.hemhosting.se\/wp-content\/uploads\/2024\/08\/logo_featureimage.png","width":1200,"height":675,"caption":"Certify & Comply"},"image":{"@id":"https:\/\/certifycomply.com\/sv\/#\/schema\/logo\/image\/"}}]}},"_links":{"self":[{"href":"https:\/\/certifycomply.com\/sv\/wp-json\/wp\/v2\/pages\/3884"}],"collection":[{"href":"https:\/\/certifycomply.com\/sv\/wp-json\/wp\/v2\/pages"}],"about":[{"href":"https:\/\/certifycomply.com\/sv\/wp-json\/wp\/v2\/types\/page"}],"author":[{"embeddable":true,"href":"https:\/\/certifycomply.com\/sv\/wp-json\/wp\/v2\/users\/3"}],"replies":[{"embeddable":true,"href":"https:\/\/certifycomply.com\/sv\/wp-json\/wp\/v2\/comments?post=3884"}],"version-history":[{"count":1,"href":"https:\/\/certifycomply.com\/sv\/wp-json\/wp\/v2\/pages\/3884\/revisions"}],"predecessor-version":[{"id":9114,"href":"https:\/\/certifycomply.com\/sv\/wp-json\/wp\/v2\/pages\/3884\/revisions\/9114"}],"up":[{"embeddable":true,"href":"https:\/\/certifycomply.com\/sv\/wp-json\/wp\/v2\/pages\/1146"}],"wp:attachment":[{"href":"https:\/\/certifycomply.com\/sv\/wp-json\/wp\/v2\/media?parent=3884"}],"curies":[{"name":"wp","href":"https:\/\/api.w.org\/{rel}","templated":true}]}}