{"id":2417,"date":"2022-05-26T07:08:20","date_gmt":"2022-05-26T07:08:20","guid":{"rendered":"https:\/\/zatisfy-international.com\/podcasts-2\/"},"modified":"2024-05-20T11:28:08","modified_gmt":"2024-05-20T11:28:08","slug":"podcasts","status":"publish","type":"page","link":"https:\/\/certifycomply.com\/sv\/podcasts\/","title":{"rendered":"Podcasts"},"content":{"rendered":"\t\t<div data-elementor-type=\"wp-page\" data-elementor-id=\"2417\" class=\"elementor elementor-2417 elementor-990\" data-elementor-post-type=\"page\">\n\t\t\t\t\t\t<section class=\"elementor-section elementor-top-section elementor-element elementor-element-2254cdc7 elementor-section-height-min-height elementor-section-boxed elementor-section-height-default elementor-section-items-middle\" data-id=\"2254cdc7\" data-element_type=\"section\" data-settings=\"{&quot;background_background&quot;:&quot;classic&quot;}\">\n\t\t\t\t\t\t\t<div class=\"elementor-background-overlay\"><\/div>\n\t\t\t\t\t\t\t<div class=\"elementor-container elementor-column-gap-default\">\n\t\t\t\t\t<div class=\"elementor-column elementor-col-100 elementor-top-column elementor-element elementor-element-2d1fd47d\" data-id=\"2d1fd47d\" data-element_type=\"column\">\n\t\t\t<div class=\"elementor-widget-wrap elementor-element-populated\">\n\t\t\t\t\t\t<div class=\"elementor-element elementor-element-c7ac4cd elementor-widget elementor-widget-heading\" data-id=\"c7ac4cd\" data-element_type=\"widget\" data-widget_type=\"heading.default\">\n\t\t\t\t<div class=\"elementor-widget-container\">\n\t\t\t<h1 class=\"elementor-heading-title elementor-size-default\">Podcast om CE-m\u00e4rkning<\/h1>\t\t<\/div>\n\t\t\t\t<\/div>\n\t\t\t\t\t<\/div>\n\t\t<\/div>\n\t\t\t\t\t<\/div>\n\t\t<\/section>\n\t\t\t\t<section class=\"elementor-section elementor-top-section elementor-element elementor-element-ebf13b8 elementor-section-boxed elementor-section-height-default elementor-section-height-default\" data-id=\"ebf13b8\" data-element_type=\"section\">\n\t\t\t\t\t\t<div class=\"elementor-container elementor-column-gap-default\">\n\t\t\t\t\t<div class=\"elementor-column elementor-col-100 elementor-top-column elementor-element elementor-element-2c12324\" data-id=\"2c12324\" data-element_type=\"column\">\n\t\t\t<div class=\"elementor-widget-wrap elementor-element-populated\">\n\t\t\t\t\t\t<div class=\"elementor-element elementor-element-fc9356d elementor-widget elementor-widget-shortcode\" data-id=\"fc9356d\" data-element_type=\"widget\" data-widget_type=\"shortcode.default\">\n\t\t\t\t<div class=\"elementor-widget-container\">\n\t\t\t\t\t<div class=\"elementor-shortcode\">\n\t\t<div class=\"podcast-items\">\n\t\t\t\t\t<div class=\"podcast-items_row\">\n\t\t\t\t<!-- Column -->\n\t\t\t\t\n\t\t<div class=\"podcast-items_column\">\n\t\t\t<div class=\"podcast-item\">\n\t\t\t\t\n\t\t\t\t<div class=\"podcast-thumbnail\">\n\t\t\t\t\t\t\t\t\t\t<figure>\n\t\t\t\t\t\t<img decoding=\"async\" src=\"https:\/\/certifycomply.com\/wp-content\/uploads\/2022\/05\/Image-by-Maxime.webp\" \/>\n\t\t\t\t\t<\/figure>\n\t\t\t\t\t\t\t\t\t<\/div>\n\t\t\t\t\n\t\t\t\t<div class=\"podcast-content\">\n\t\t\t\t\t\n\t\t\t\t\t<div class=\"podcast-item__title\">\n\t\t\t\t\t\t<h3> Kravanalys p\u00e5 maskin <\/h3>\n\t\t\t\t\t<\/div>\n\n\t\t\t\t\t<div class=\"podcast-item__meta\">\n\t\t\t\t\t\t<span class=\"podcast-item__episode\"> Episode 13 <\/span> \t\t\t\t\t\t<span class=\"podcast-item__date\"> juli 13, 2020 <\/span>\t\t\t\t\t<\/div>\n\n\t\t\t\t\t\t\t\t\t\t<div class=\"podcast-item__summary\">\n\t\t\t\t\t\t<p class=\"podcast_desc\">Roberth och johan g\u00e5r igenom de sakerna du ska t\u00e4nka p\u00e5 n\u00e4r du vill CE - m\u00e4rka din produkt <\/p>\n\t\t\t\t\t<\/div>\n\t\t\t\t\t\t\t\t\t\t\n\t\t\t\t\t\t\t\t\t\t<div class=\"podcast-embed-code\">\n\t\t\t\t\t\t<iframe style=\"border-radius:12px\" src=\"https:\/\/open.spotify.com\/embed\/episode\/66Cz8GwqJUhBh8BJ12ZUye?utm_source=generator\" width=\"100%\" height=\"200\" frameBorder=\"0\" allowfullscreen=\"\" allow=\"autoplay; clipboard-write; encrypted-media; fullscreen; picture-in-picture\"><\/iframe>\t\t\t\t\t<\/div>\n\t\t\t\t\t\t\t\t\t\n\t\t\t\t\t\t\t\t\t\t<div class=\"podcast-listen\">\n\t\t\t\t\t\t<div class=\"podcast-listen-text\"><strong>Listen on:<\/strong><\/div>\n\t\t\t\t\t\t<div class=\"podcast-listen-items\">\n\n\t\t\t\t\t\t\t\t\t\t\t\t\t\t<div class=\"podcast-listen-item podcast-spotify\">\n\t\t\t\t\t\t\t\t<a target=\"_blank\" href=\"https:\/\/open.spotify.com\/episode\/66Cz8GwqJUhBh8BJ12ZUye?si=0163aed5358f4c20\">\n\t\t\t\t\t\t\t\t\t<div class=\"listen_name\"><i class=\"fab fa-spotify\"><\/i> Spotify<\/div>\n\t\t\t\t\t\t\t\t<\/a>\n\t\t\t\t\t\t\t<\/div>\n\t\t\t\t\t\t\t\t\t\t\t\t\t\t\n\t\t\t\t\t\t\t\t\t\t\t\t\t\t<div class=\"podcast-listen-item podcast-youtube\">\n\t\t\t\t\t\t\t\t<a target=\"_blank\" href=\"https:\/\/www.youtube.com\/watch?v=BM2u__LA-2I\">\n\t\t\t\t\t\t\t\t\t<div class=\"listen_name\"><i class=\"fab fa-youtube\"><\/i> Youtube<\/div>\n\t\t\t\t\t\t\t\t<\/a>\n\t\t\t\t\t\t\t<\/div>\n\t\t\t\t\t\t\t\t\t\t\t\t\t<\/div>\n\t\t\t\t\t<\/div>\n\t\t\t\t\t\t\t\t\t<\/div>\t\t\n\t\t\t\t\n\t\t\t<\/div>\n\t\t<\/div>\n\n\t\t\t\t\t<div class=\"podcast-items_row\">\n\t\t\t\t<!-- Column -->\n\t\t\t\t\n\t\t<div class=\"podcast-items_column\">\n\t\t\t<div class=\"podcast-item\">\n\t\t\t\t\n\t\t\t\t<div class=\"podcast-thumbnail\">\n\t\t\t\t\t\t\t\t\t\t<figure>\n\t\t\t\t\t\t<img decoding=\"async\" src=\"https:\/\/certifycomply.com\/wp-content\/uploads\/2022\/05\/nsplsh_c2a24f0a071749d9a97de07607b6bb5a_mv2-768x491.webp\" \/>\n\t\t\t\t\t<\/figure>\n\t\t\t\t\t\t\t\t\t<\/div>\n\t\t\t\t\n\t\t\t\t<div class=\"podcast-content\">\n\t\t\t\t\t\n\t\t\t\t\t<div class=\"podcast-item__title\">\n\t\t\t\t\t\t<h3> Analysera en anl\u00e4ggning <\/h3>\n\t\t\t\t\t<\/div>\n\n\t\t\t\t\t<div class=\"podcast-item__meta\">\n\t\t\t\t\t\t<span class=\"podcast-item__episode\"> Episode 12 <\/span> \t\t\t\t\t\t<span class=\"podcast-item__date\"> juli 6, 2020 <\/span>\t\t\t\t\t<\/div>\n\n\t\t\t\t\t\t\t\t\t\t<div class=\"podcast-item__summary\">\n\t\t\t\t\t\t<p class=\"podcast_desc\">Den h\u00e4r veckan pratar Johan och Roberth om hur det g\u00e5r till n\u00e4r man analyserar en anl\u00e4ggning<\/p>\n\t\t\t\t\t<\/div>\n\t\t\t\t\t\t\t\t\t\t\n\t\t\t\t\t\t\t\t\t\t<div class=\"podcast-embed-code\">\n\t\t\t\t\t\t<iframe style=\"border-radius:12px\" src=\"https:\/\/open.spotify.com\/embed\/episode\/3ne6Z48VqAFnbt37b8g4mD?utm_source=generator\" width=\"100%\" height=\"200\" frameBorder=\"0\" allowfullscreen=\"\" allow=\"autoplay; clipboard-write; encrypted-media; fullscreen; picture-in-picture\"><\/iframe>\t\t\t\t\t<\/div>\n\t\t\t\t\t\t\t\t\t\n\t\t\t\t\t\t\t\t\t\t<div class=\"podcast-listen\">\n\t\t\t\t\t\t<div class=\"podcast-listen-text\"><strong>Listen on:<\/strong><\/div>\n\t\t\t\t\t\t<div class=\"podcast-listen-items\">\n\n\t\t\t\t\t\t\t\t\t\t\t\t\t\t<div class=\"podcast-listen-item podcast-spotify\">\n\t\t\t\t\t\t\t\t<a target=\"_blank\" href=\"https:\/\/open.spotify.com\/episode\/3ne6Z48VqAFnbt37b8g4mD?si=01b7433df51344af\">\n\t\t\t\t\t\t\t\t\t<div class=\"listen_name\"><i class=\"fab fa-spotify\"><\/i> Spotify<\/div>\n\t\t\t\t\t\t\t\t<\/a>\n\t\t\t\t\t\t\t<\/div>\n\t\t\t\t\t\t\t\t\t\t\t\t\t\t\n\t\t\t\t\t\t\t\t\t\t\t\t\t\t<div class=\"podcast-listen-item podcast-youtube\">\n\t\t\t\t\t\t\t\t<a target=\"_blank\" href=\"https:\/\/www.youtube.com\/watch?v=VR2WpWUAFu8\">\n\t\t\t\t\t\t\t\t\t<div class=\"listen_name\"><i class=\"fab fa-youtube\"><\/i> Youtube<\/div>\n\t\t\t\t\t\t\t\t<\/a>\n\t\t\t\t\t\t\t<\/div>\n\t\t\t\t\t\t\t\t\t\t\t\t\t<\/div>\n\t\t\t\t\t<\/div>\n\t\t\t\t\t\t\t\t\t<\/div>\t\t\n\t\t\t\t\n\t\t\t<\/div>\n\t\t<\/div>\n\n\t\t\t\t\t<div class=\"podcast-items_row\">\n\t\t\t\t<!-- Column -->\n\t\t\t\t\n\t\t<div class=\"podcast-items_column\">\n\t\t\t<div class=\"podcast-item\">\n\t\t\t\t\n\t\t\t\t<div class=\"podcast-thumbnail\">\n\t\t\t\t\t\t\t\t\t\t<figure>\n\t\t\t\t\t\t<img decoding=\"async\" src=\"https:\/\/certifycomply.com\/wp-content\/uploads\/2022\/05\/campaign-creators-pypeCEaJeZY-unsplash-768x556.jpg\" \/>\n\t\t\t\t\t<\/figure>\n\t\t\t\t\t\t\t\t\t<\/div>\n\t\t\t\t\n\t\t\t\t<div class=\"podcast-content\">\n\t\t\t\t\t\n\t\t\t\t\t<div class=\"podcast-item__title\">\n\t\t\t\t\t\t<h3> M\u00e5ste CE &#8211; m\u00e4rkning vara byr\u00e5kratisk? <\/h3>\n\t\t\t\t\t<\/div>\n\n\t\t\t\t\t<div class=\"podcast-item__meta\">\n\t\t\t\t\t\t<span class=\"podcast-item__episode\"> Episode 11 <\/span> \t\t\t\t\t\t<span class=\"podcast-item__date\"> juni 29, 2020 <\/span>\t\t\t\t\t<\/div>\n\n\t\t\t\t\t\t\t\t\t\t<div class=\"podcast-item__summary\">\n\t\t\t\t\t\t<p class=\"podcast_desc\">Den h\u00e4r veckan pratar Johan och Roberth om hur kommunikationen i CE branschen ser ut <\/p>\n\t\t\t\t\t<\/div>\n\t\t\t\t\t\t\t\t\t\t\n\t\t\t\t\t\t\t\t\t\t<div class=\"podcast-embed-code\">\n\t\t\t\t\t\t<iframe style=\"border-radius:12px\" src=\"https:\/\/open.spotify.com\/embed\/episode\/6HFz7QIEzzKlkZXDK7yrxG?utm_source=generator\" width=\"100%\" height=\"200\" frameBorder=\"0\" allowfullscreen=\"\" allow=\"autoplay; clipboard-write; encrypted-media; fullscreen; picture-in-picture\"><\/iframe>\t\t\t\t\t<\/div>\n\t\t\t\t\t\t\t\t\t\n\t\t\t\t\t\t\t\t\t\t<div class=\"podcast-listen\">\n\t\t\t\t\t\t<div class=\"podcast-listen-text\"><strong>Listen on:<\/strong><\/div>\n\t\t\t\t\t\t<div class=\"podcast-listen-items\">\n\n\t\t\t\t\t\t\t\t\t\t\t\t\t\t<div class=\"podcast-listen-item podcast-spotify\">\n\t\t\t\t\t\t\t\t<a target=\"_blank\" href=\"https:\/\/open.spotify.com\/episode\/6HFz7QIEzzKlkZXDK7yrxG?si=9c1e0cdff6644075\">\n\t\t\t\t\t\t\t\t\t<div class=\"listen_name\"><i class=\"fab fa-spotify\"><\/i> Spotify<\/div>\n\t\t\t\t\t\t\t\t<\/a>\n\t\t\t\t\t\t\t<\/div>\n\t\t\t\t\t\t\t\t\t\t\t\t\t\t\n\t\t\t\t\t\t\t\t\t\t\t\t\t\t<div class=\"podcast-listen-item podcast-youtube\">\n\t\t\t\t\t\t\t\t<a target=\"_blank\" href=\"https:\/\/www.youtube.com\/watch?v=D_T4I2Usr6I\">\n\t\t\t\t\t\t\t\t\t<div class=\"listen_name\"><i class=\"fab fa-youtube\"><\/i> Youtube<\/div>\n\t\t\t\t\t\t\t\t<\/a>\n\t\t\t\t\t\t\t<\/div>\n\t\t\t\t\t\t\t\t\t\t\t\t\t<\/div>\n\t\t\t\t\t<\/div>\n\t\t\t\t\t\t\t\t\t<\/div>\t\t\n\t\t\t\t\n\t\t\t<\/div>\n\t\t<\/div>\n\n\t\t\t\t\t<div class=\"podcast-items_row\">\n\t\t\t\t<!-- Column -->\n\t\t\t\t\n\t\t<div class=\"podcast-items_column\">\n\t\t\t<div class=\"podcast-item\">\n\t\t\t\t\n\t\t\t\t<div class=\"podcast-thumbnail\">\n\t\t\t\t\t\t\t\t\t\t<figure>\n\t\t\t\t\t\t<img decoding=\"async\" src=\"https:\/\/certifycomply.com\/wp-content\/uploads\/2022\/06\/pexels-anna-shvets-5711701-768x337.jpg\" \/>\n\t\t\t\t\t<\/figure>\n\t\t\t\t\t\t\t\t\t<\/div>\n\t\t\t\t\n\t\t\t\t<div class=\"podcast-content\">\n\t\t\t\t\t\n\t\t\t\t\t<div class=\"podcast-item__title\">\n\t\t\t\t\t\t<h3> New Products, new supplers, new challenges! <\/h3>\n\t\t\t\t\t<\/div>\n\n\t\t\t\t\t<div class=\"podcast-item__meta\">\n\t\t\t\t\t\t<span class=\"podcast-item__episode\"> Episode 10 <\/span> \t\t\t\t\t\t<span class=\"podcast-item__date\"> augusti 27, 2020 <\/span>\t\t\t\t\t<\/div>\n\n\t\t\t\t\t\t\t\t\t\t<div class=\"podcast-item__summary\">\n\t\t\t\t\t\t<p class=\"podcast_desc\">Interview with Caspar Ter Horst <\/p>\n\t\t\t\t\t<\/div>\n\t\t\t\t\t\t\t\t\t\t\n\t\t\t\t\t\t\t\t\t\t<div class=\"podcast-embed-code\">\n\t\t\t\t\t\t<iframe style=\"border-radius:12px\" src=\"https:\/\/open.spotify.com\/embed\/episode\/77N1l4O35nO9eHWH5NqQWp?utm_source=generator\" width=\"100%\" height=\"200\" frameBorder=\"0\" allowfullscreen=\"\" allow=\"autoplay; clipboard-write; encrypted-media; fullscreen; picture-in-picture\"><\/iframe>\t\t\t\t\t<\/div>\n\t\t\t\t\t\t\t\t\t\n\t\t\t\t\t\t\t\t\t\t<div class=\"podcast-listen\">\n\t\t\t\t\t\t<div class=\"podcast-listen-text\"><strong>Listen on:<\/strong><\/div>\n\t\t\t\t\t\t<div class=\"podcast-listen-items\">\n\n\t\t\t\t\t\t\t\t\t\t\t\t\t\t<div class=\"podcast-listen-item podcast-spotify\">\n\t\t\t\t\t\t\t\t<a target=\"_blank\" href=\"https:\/\/open.spotify.com\/episode\/77N1l4O35nO9eHWH5NqQWp?si=bc789e65232e44cb\">\n\t\t\t\t\t\t\t\t\t<div class=\"listen_name\"><i class=\"fab fa-spotify\"><\/i> Spotify<\/div>\n\t\t\t\t\t\t\t\t<\/a>\n\t\t\t\t\t\t\t<\/div>\n\t\t\t\t\t\t\t\t\t\t\t\t\t\t\n\t\t\t\t\t\t\t\t\t\t\t\t\t\t<div class=\"podcast-listen-item podcast-youtube\">\n\t\t\t\t\t\t\t\t<a target=\"_blank\" href=\"https:\/\/www.youtube.com\/watch?v=ussKBb7M2uo\">\n\t\t\t\t\t\t\t\t\t<div class=\"listen_name\"><i class=\"fab fa-youtube\"><\/i> Youtube<\/div>\n\t\t\t\t\t\t\t\t<\/a>\n\t\t\t\t\t\t\t<\/div>\n\t\t\t\t\t\t\t\t\t\t\t\t\t<\/div>\n\t\t\t\t\t<\/div>\n\t\t\t\t\t\t\t\t\t<\/div>\t\t\n\t\t\t\t\n\t\t\t<\/div>\n\t\t<\/div>\n\n\t\t\t\t\t<div class=\"podcast-items_row\">\n\t\t\t\t<!-- Column -->\n\t\t\t\t\n\t\t<div class=\"podcast-items_column\">\n\t\t\t<div class=\"podcast-item\">\n\t\t\t\t\n\t\t\t\t<div class=\"podcast-thumbnail\">\n\t\t\t\t\t\t\t\t\t\t<figure>\n\t\t\t\t\t\t<img decoding=\"async\" src=\"https:\/\/certifycomply.com\/wp-content\/uploads\/2022\/05\/campaign-creators-pypeCEaJeZY-unsplash-768x556.jpg\" \/>\n\t\t\t\t\t<\/figure>\n\t\t\t\t\t\t\t\t\t<\/div>\n\t\t\t\t\n\t\t\t\t<div class=\"podcast-content\">\n\t\t\t\t\t\n\t\t\t\t\t<div class=\"podcast-item__title\">\n\t\t\t\t\t\t<h3> Vanligaste misstagen med CE &#8211; m\u00e4rkning <\/h3>\n\t\t\t\t\t<\/div>\n\n\t\t\t\t\t<div class=\"podcast-item__meta\">\n\t\t\t\t\t\t<span class=\"podcast-item__episode\"> Episode 9 <\/span> \t\t\t\t\t\t<span class=\"podcast-item__date\"> juni 22, 2020 <\/span>\t\t\t\t\t<\/div>\n\n\t\t\t\t\t\t\t\t\t\t<div class=\"podcast-item__summary\">\n\t\t\t\t\t\t<p class=\"podcast_desc\">Roberth och Johan diskuterar de vanligaste misstagen med CE - m\u00e4rkning <\/p>\n\t\t\t\t\t<\/div>\n\t\t\t\t\t\t\t\t\t\t\n\t\t\t\t\t\t\t\t\t\t<div class=\"podcast-embed-code\">\n\t\t\t\t\t\t<iframe style=\"border-radius:12px\" src=\"https:\/\/open.spotify.com\/embed\/episode\/4l74EgsV26UeQ9Zl92s45K?utm_source=generator\" width=\"100%\" height=\"200\" frameBorder=\"0\" allowfullscreen=\"\" allow=\"autoplay; clipboard-write; encrypted-media; fullscreen; picture-in-picture\"><\/iframe>\t\t\t\t\t<\/div>\n\t\t\t\t\t\t\t\t\t\n\t\t\t\t\t\t\t\t\t\t<div class=\"podcast-listen\">\n\t\t\t\t\t\t<div class=\"podcast-listen-text\"><strong>Listen on:<\/strong><\/div>\n\t\t\t\t\t\t<div class=\"podcast-listen-items\">\n\n\t\t\t\t\t\t\t\t\t\t\t\t\t\t<div class=\"podcast-listen-item podcast-spotify\">\n\t\t\t\t\t\t\t\t<a target=\"_blank\" href=\"https:\/\/open.spotify.com\/episode\/4l74EgsV26UeQ9Zl92s45K?si=fe2ef923c3594e06\">\n\t\t\t\t\t\t\t\t\t<div class=\"listen_name\"><i class=\"fab fa-spotify\"><\/i> Spotify<\/div>\n\t\t\t\t\t\t\t\t<\/a>\n\t\t\t\t\t\t\t<\/div>\n\t\t\t\t\t\t\t\t\t\t\t\t\t\t\n\t\t\t\t\t\t\t\t\t\t\t\t\t\t<div class=\"podcast-listen-item podcast-youtube\">\n\t\t\t\t\t\t\t\t<a target=\"_blank\" href=\"https:\/\/www.youtube.com\/watch?v=X_cq5VNQ4Bc\">\n\t\t\t\t\t\t\t\t\t<div class=\"listen_name\"><i class=\"fab fa-youtube\"><\/i> Youtube<\/div>\n\t\t\t\t\t\t\t\t<\/a>\n\t\t\t\t\t\t\t<\/div>\n\t\t\t\t\t\t\t\t\t\t\t\t\t<\/div>\n\t\t\t\t\t<\/div>\n\t\t\t\t\t\t\t\t\t<\/div>\t\t\n\t\t\t\t\n\t\t\t<\/div>\n\t\t<\/div>\n\n\t\t\t\t\t<div class=\"podcast-items_row\">\n\t\t\t\t<!-- Column -->\n\t\t\t\t\n\t\t<div class=\"podcast-items_column\">\n\t\t\t<div class=\"podcast-item\">\n\t\t\t\t\n\t\t\t\t<div class=\"podcast-thumbnail\">\n\t\t\t\t\t\t\t\t\t\t<figure>\n\t\t\t\t\t\t<img decoding=\"async\" src=\"https:\/\/certifycomply.com\/wp-content\/uploads\/2022\/06\/pexels-cottonbro-3943735-768x337.jpg\" \/>\n\t\t\t\t\t<\/figure>\n\t\t\t\t\t\t\t\t\t<\/div>\n\t\t\t\t\n\t\t\t\t<div class=\"podcast-content\">\n\t\t\t\t\t\n\t\t\t\t\t<div class=\"podcast-item__title\">\n\t\t\t\t\t\t<h3> Vikten av egenkontroll f\u00f6r den totala CE-m\u00e4rkningen av en anl\u00e4ggning <\/h3>\n\t\t\t\t\t<\/div>\n\n\t\t\t\t\t<div class=\"podcast-item__meta\">\n\t\t\t\t\t\t<span class=\"podcast-item__episode\"> Episode 8 <\/span> \t\t\t\t\t\t<span class=\"podcast-item__date\"> maj 25, 2020 <\/span>\t\t\t\t\t<\/div>\n\n\t\t\t\t\t\t\t\t\t\t<div class=\"podcast-item__summary\">\n\t\t\t\t\t\t<p class=\"podcast_desc\">Den h\u00e4r veckan pratar Roberth och Johan om vikten av egenkontroll f\u00f6r den totala CE-m\u00e4rkningen!<\/p>\n\t\t\t\t\t<\/div>\n\t\t\t\t\t\t\t\t\t\t\n\t\t\t\t\t\t\t\t\t\t<div class=\"podcast-embed-code\">\n\t\t\t\t\t\t<iframe style=\"border-radius:12px\" src=\"https:\/\/open.spotify.com\/embed\/episode\/2PsMhx3sXO9PudVJhhXSjH?utm_source=generator\" width=\"100%\" height=\"200\" frameBorder=\"0\" allowfullscreen=\"\" allow=\"autoplay; clipboard-write; encrypted-media; fullscreen; picture-in-picture\"><\/iframe>\t\t\t\t\t<\/div>\n\t\t\t\t\t\t\t\t\t\n\t\t\t\t\t\t\t\t\t\t<div class=\"podcast-listen\">\n\t\t\t\t\t\t<div class=\"podcast-listen-text\"><strong>Listen on:<\/strong><\/div>\n\t\t\t\t\t\t<div class=\"podcast-listen-items\">\n\n\t\t\t\t\t\t\t\t\t\t\t\t\t\t<div class=\"podcast-listen-item podcast-spotify\">\n\t\t\t\t\t\t\t\t<a target=\"_blank\" href=\"https:\/\/open.spotify.com\/episode\/2PsMhx3sXO9PudVJhhXSjH?si=d6fa0f584eb945a2\">\n\t\t\t\t\t\t\t\t\t<div class=\"listen_name\"><i class=\"fab fa-spotify\"><\/i> Spotify<\/div>\n\t\t\t\t\t\t\t\t<\/a>\n\t\t\t\t\t\t\t<\/div>\n\t\t\t\t\t\t\t\t\t\t\t\t\t\t\n\t\t\t\t\t\t\t\t\t\t\t\t\t\t<div class=\"podcast-listen-item podcast-youtube\">\n\t\t\t\t\t\t\t\t<a target=\"_blank\" href=\"https:\/\/www.youtube.com\/watch?v=lXPPh_ehh10\">\n\t\t\t\t\t\t\t\t\t<div class=\"listen_name\"><i class=\"fab fa-youtube\"><\/i> Youtube<\/div>\n\t\t\t\t\t\t\t\t<\/a>\n\t\t\t\t\t\t\t<\/div>\n\t\t\t\t\t\t\t\t\t\t\t\t\t<\/div>\n\t\t\t\t\t<\/div>\n\t\t\t\t\t\t\t\t\t<\/div>\t\t\n\t\t\t\t\n\t\t\t<\/div>\n\t\t<\/div>\n\n\t\t \n\t\t\t\n\t\t<\/div>\n<\/div>\n        <div class=\"pagination\">\n\t\t\t<span aria-current=\"page\" class=\"page-numbers current\">1<\/span>\n<a class=\"page-numbers\" href=\"https:\/\/certifycomply.com\/sv\/wp-json\/wp\/v2\/pages\/2417\/page\/2\/\">2<\/a>\n<a class=\"page-numbers\" href=\"https:\/\/certifycomply.com\/sv\/wp-json\/wp\/v2\/pages\/2417\/page\/3\/\">3<\/a>\n<a class=\"next page-numbers\" href=\"https:\/\/certifycomply.com\/sv\/wp-json\/wp\/v2\/pages\/2417\/page\/2\/\"><i class=\"fa fa-angle-right\"><\/i><\/a>\t\t<\/div>\n\t<\/div>\n\t\t\t\t<\/div>\n\t\t\t\t<\/div>\n\t\t\t\t<div class=\"elementor-element elementor-element-ba30413 elementor-align-center elementor-tablet-align-center newsletter-popup elementor-widget elementor-widget-button\" data-id=\"ba30413\" data-element_type=\"widget\" data-widget_type=\"button.default\">\n\t\t\t\t<div class=\"elementor-widget-container\">\n\t\t\t\t\t<div class=\"elementor-button-wrapper\">\n\t\t\t<a class=\"elementor-button elementor-button-link elementor-size-md\" href=\"#\">\n\t\t\t\t\t\t<span class=\"elementor-button-content-wrapper\">\n\t\t\t\t\t\t\t\t\t<span class=\"elementor-button-text\">Nyhetsbrev<\/span>\n\t\t\t\t\t<\/span>\n\t\t\t\t\t<\/a>\n\t\t<\/div>\n\t\t\t\t<\/div>\n\t\t\t\t<\/div>\n\t\t\t\t\t<\/div>\n\t\t<\/div>\n\t\t\t\t\t<\/div>\n\t\t<\/section>\n\t\t\t\t<\/div>\n\t\t","protected":false},"excerpt":{"rendered":"<p>Podcast om CE-m\u00e4rkning Nyhetsbrev<\/p>\n","protected":false},"author":4,"featured_media":0,"parent":0,"menu_order":23,"comment_status":"closed","ping_status":"closed","template":"elementor_header_footer","meta":{"_acf_changed":false,"footnotes":""},"class_list":["post-2417","page","type-page","status-publish","hentry"],"acf":[],"yoast_head":"<!-- This site is optimized with the Yoast SEO plugin v24.9 - https:\/\/yoast.com\/wordpress\/plugins\/seo\/ -->\n<title>Podcast - En podd om CE-m\u00e4rkning &amp; produkts\u00e4kerhet | Zatisfy<\/title>\n<meta name=\"description\" content=\"En podcast om CE-m\u00e4rkning och produkts\u00e4kerhet. Vi har en podcast d\u00e4r vi pratar om allt sp\u00e4nnande inom CE-m\u00e4rkning och dess bransch.\" \/>\n<meta name=\"robots\" content=\"index, follow, max-snippet:-1, max-image-preview:large, max-video-preview:-1\" \/>\n<link rel=\"canonical\" href=\"https:\/\/certcomply.hemhosting.se\/podcasts\/\" \/>\n<meta property=\"og:locale\" content=\"sv_SE\" \/>\n<meta property=\"og:type\" content=\"article\" \/>\n<meta property=\"og:title\" content=\"Podcast - En podd om CE-m\u00e4rkning &amp; produkts\u00e4kerhet | Zatisfy\" \/>\n<meta property=\"og:description\" content=\"En podcast om CE-m\u00e4rkning och produkts\u00e4kerhet. Vi har en podcast d\u00e4r vi pratar om allt sp\u00e4nnande inom CE-m\u00e4rkning och dess bransch.\" \/>\n<meta property=\"og:url\" content=\"https:\/\/certcomply.hemhosting.se\/podcasts\/\" \/>\n<meta property=\"og:site_name\" content=\"Certify &amp; Comply\" \/>\n<meta property=\"article:modified_time\" content=\"2024-05-20T11:28:08+00:00\" \/>\n<meta property=\"og:image\" content=\"https:\/\/certifycomply.com\/wp-content\/uploads\/2024\/08\/logo_featureimage.png\" \/>\n\t<meta property=\"og:image:width\" content=\"1200\" \/>\n\t<meta property=\"og:image:height\" content=\"675\" \/>\n\t<meta property=\"og:image:type\" content=\"image\/png\" \/>\n<meta name=\"twitter:card\" content=\"summary_large_image\" \/>\n<meta name=\"twitter:label1\" content=\"Ber\u00e4knad l\u00e4stid\" \/>\n\t<meta name=\"twitter:data1\" content=\"1 minut\" \/>\n<!-- \/ Yoast SEO plugin. -->","yoast_head_json":{"title":"Podcast - En podd om CE-m\u00e4rkning & produkts\u00e4kerhet | Zatisfy","description":"En podcast om CE-m\u00e4rkning och produkts\u00e4kerhet. Vi har en podcast d\u00e4r vi pratar om allt sp\u00e4nnande inom CE-m\u00e4rkning och dess bransch.","robots":{"index":"index","follow":"follow","max-snippet":"max-snippet:-1","max-image-preview":"max-image-preview:large","max-video-preview":"max-video-preview:-1"},"canonical":"https:\/\/certcomply.hemhosting.se\/podcasts\/","og_locale":"sv_SE","og_type":"article","og_title":"Podcast - En podd om CE-m\u00e4rkning & produkts\u00e4kerhet | Zatisfy","og_description":"En podcast om CE-m\u00e4rkning och produkts\u00e4kerhet. Vi har en podcast d\u00e4r vi pratar om allt sp\u00e4nnande inom CE-m\u00e4rkning och dess bransch.","og_url":"https:\/\/certcomply.hemhosting.se\/podcasts\/","og_site_name":"Certify &amp; Comply","article_modified_time":"2024-05-20T11:28:08+00:00","og_image":[{"width":1200,"height":675,"url":"https:\/\/certifycomply.com\/wp-content\/uploads\/2024\/08\/logo_featureimage.png","type":"image\/png"}],"twitter_card":"summary_large_image","twitter_misc":{"Ber\u00e4knad l\u00e4stid":"1 minut"},"schema":{"@context":"https:\/\/schema.org","@graph":[{"@type":"WebPage","@id":"https:\/\/certifycomply.com\/sv\/podcasts\/","url":"https:\/\/certcomply.hemhosting.se\/podcasts\/","name":"Podcast - En podd om CE-m\u00e4rkning & produkts\u00e4kerhet | Zatisfy","isPartOf":{"@id":"https:\/\/certifycomply.com\/sv\/#website"},"datePublished":"2022-05-26T07:08:20+00:00","dateModified":"2024-05-20T11:28:08+00:00","description":"En podcast om CE-m\u00e4rkning och produkts\u00e4kerhet. Vi har en podcast d\u00e4r vi pratar om allt sp\u00e4nnande inom CE-m\u00e4rkning och dess bransch.","breadcrumb":{"@id":"https:\/\/certcomply.hemhosting.se\/podcasts\/#breadcrumb"},"inLanguage":"sv-SE","potentialAction":[{"@type":"ReadAction","target":["https:\/\/certcomply.hemhosting.se\/podcasts\/"]}]},{"@type":"BreadcrumbList","@id":"https:\/\/certcomply.hemhosting.se\/podcasts\/#breadcrumb","itemListElement":[{"@type":"ListItem","position":1,"name":"Hem","item":"https:\/\/certifycomply.com\/sv\/"},{"@type":"ListItem","position":2,"name":"Podcasts"}]},{"@type":"WebSite","@id":"https:\/\/certifycomply.com\/sv\/#website","url":"https:\/\/certifycomply.com\/sv\/","name":"Certify & Comply","description":"Certify &amp; Comply","publisher":{"@id":"https:\/\/certifycomply.com\/sv\/#organization"},"potentialAction":[{"@type":"SearchAction","target":{"@type":"EntryPoint","urlTemplate":"https:\/\/certifycomply.com\/sv\/?s={search_term_string}"},"query-input":{"@type":"PropertyValueSpecification","valueRequired":true,"valueName":"search_term_string"}}],"inLanguage":"sv-SE"},{"@type":"Organization","@id":"https:\/\/certifycomply.com\/sv\/#organization","name":"Certify & Comply","url":"https:\/\/certifycomply.com\/sv\/","logo":{"@type":"ImageObject","inLanguage":"sv-SE","@id":"https:\/\/certifycomply.com\/sv\/#\/schema\/logo\/image\/","url":"https:\/\/certcomply.hemhosting.se\/wp-content\/uploads\/2024\/08\/logo_featureimage.png","contentUrl":"https:\/\/certcomply.hemhosting.se\/wp-content\/uploads\/2024\/08\/logo_featureimage.png","width":1200,"height":675,"caption":"Certify & Comply"},"image":{"@id":"https:\/\/certifycomply.com\/sv\/#\/schema\/logo\/image\/"}}]}},"_links":{"self":[{"href":"https:\/\/certifycomply.com\/sv\/wp-json\/wp\/v2\/pages\/2417"}],"collection":[{"href":"https:\/\/certifycomply.com\/sv\/wp-json\/wp\/v2\/pages"}],"about":[{"href":"https:\/\/certifycomply.com\/sv\/wp-json\/wp\/v2\/types\/page"}],"author":[{"embeddable":true,"href":"https:\/\/certifycomply.com\/sv\/wp-json\/wp\/v2\/users\/4"}],"replies":[{"embeddable":true,"href":"https:\/\/certifycomply.com\/sv\/wp-json\/wp\/v2\/comments?post=2417"}],"version-history":[{"count":0,"href":"https:\/\/certifycomply.com\/sv\/wp-json\/wp\/v2\/pages\/2417\/revisions"}],"wp:attachment":[{"href":"https:\/\/certifycomply.com\/sv\/wp-json\/wp\/v2\/media?parent=2417"}],"curies":[{"name":"wp","href":"https:\/\/api.w.org\/{rel}","templated":true}]}}