{"id":1574,"date":"2022-06-16T12:46:52","date_gmt":"2022-06-16T12:46:52","guid":{"rendered":"https:\/\/zatisfy-international.com\/press\/"},"modified":"2025-04-30T10:55:54","modified_gmt":"2025-04-30T10:55:54","slug":"press","status":"publish","type":"page","link":"https:\/\/certifycomply.com\/sv\/om-oss\/press\/","title":{"rendered":"Press"},"content":{"rendered":"\t\t<div data-elementor-type=\"wp-page\" data-elementor-id=\"1574\" class=\"elementor elementor-1574 elementor-1343\" data-elementor-post-type=\"page\">\n\t\t\t\t\t\t<section class=\"elementor-section elementor-top-section elementor-element elementor-element-439a52a4 elementor-section-boxed elementor-section-height-default elementor-section-height-default\" data-id=\"439a52a4\" data-element_type=\"section\">\n\t\t\t\t\t\t<div class=\"elementor-container elementor-column-gap-default\">\n\t\t\t\t\t<div class=\"elementor-column elementor-col-50 elementor-top-column elementor-element elementor-element-5b6d92af\" data-id=\"5b6d92af\" data-element_type=\"column\">\n\t\t\t<div class=\"elementor-widget-wrap elementor-element-populated\">\n\t\t\t\t\t\t<div class=\"elementor-element elementor-element-2156ae56 elementor-widget elementor-widget-text-editor\" data-id=\"2156ae56\" data-element_type=\"widget\" data-widget_type=\"text-editor.default\">\n\t\t\t\t<div class=\"elementor-widget-container\">\n\t\t\t\t\t\t\t<h1>Pressrum<\/h1>\n<p>V\u00e4lkommen till v\u00e5rt pressrum d\u00e4r du kan l\u00e4sa mer om vad vi sj\u00e4lva publicerat och vad media har skrivit om oss. Vi vill n\u00e5 ut med s\u00e5 mycket kunskap som m\u00f6jligt kring vad CE-m\u00e4rkning egentligen \u00e4r och v\u00e4lkomnar alla samtal kring detta \u00e4mne.<\/p>\n<p>Om du vill prata CE-m\u00e4rkning, s\u00f6ker en kr\u00f6nik\u00f6r eller bara vill prata om hur vi framg\u00e5ngsrikt bygger en norrl\u00e4ndsk p\u00e4rla till f\u00f6retag \u00e4r det bara att h\u00f6ra av er till mig!<\/p>\n<p>Roberth Jonsson, grundare Certify &amp; Comply Sweden AB<br><a href=\"tel:+46(0)104240020\">+46(0)104240020<\/a><br><a href=\"mailto:roberth@certifycomply.com\">roberth@certifycomply.com<\/a><\/p>\t\t\t\t\t\t<\/div>\n\t\t\t\t<\/div>\n\t\t\t\t\t<\/div>\n\t\t<\/div>\n\t\t\t\t<div class=\"elementor-column elementor-col-50 elementor-top-column elementor-element elementor-element-b269668\" data-id=\"b269668\" data-element_type=\"column\" data-settings=\"{&quot;background_background&quot;:&quot;classic&quot;}\">\n\t\t\t<div class=\"elementor-widget-wrap elementor-element-populated\">\n\t\t\t\t\t\t<div class=\"elementor-element elementor-element-a019a07 elementor-widget elementor-widget-image\" data-id=\"a019a07\" data-element_type=\"widget\" data-widget_type=\"image.default\">\n\t\t\t\t<div class=\"elementor-widget-container\">\n\t\t\t\t\t\t\t\t\t\t\t\t\t<img fetchpriority=\"high\" decoding=\"async\" width=\"341\" height=\"410\" src=\"https:\/\/certifycomply.com\/wp-content\/uploads\/2022\/06\/DSC_0055_frilagd.webp\" class=\"attachment-large size-large wp-image-1353\" alt=\"\" srcset=\"https:\/\/certifycomply.com\/wp-content\/uploads\/2022\/06\/DSC_0055_frilagd.webp 341w, https:\/\/certifycomply.com\/wp-content\/uploads\/2022\/06\/DSC_0055_frilagd-250x300.webp 250w\" sizes=\"(max-width: 341px) 100vw, 341px\" \/>\t\t\t\t\t\t\t\t\t\t\t\t\t<\/div>\n\t\t\t\t<\/div>\n\t\t\t\t\t<\/div>\n\t\t<\/div>\n\t\t\t\t\t<\/div>\n\t\t<\/section>\n\t\t\t\t<section class=\"elementor-section elementor-top-section elementor-element elementor-element-033b68a elementor-section-boxed elementor-section-height-default elementor-section-height-default\" data-id=\"033b68a\" data-element_type=\"section\">\n\t\t\t\t\t\t<div class=\"elementor-container elementor-column-gap-default\">\n\t\t\t\t\t<div class=\"elementor-column elementor-col-100 elementor-top-column elementor-element elementor-element-09504ed\" data-id=\"09504ed\" data-element_type=\"column\">\n\t\t\t<div class=\"elementor-widget-wrap elementor-element-populated\">\n\t\t\t\t\t\t<div class=\"elementor-element elementor-element-716beb1 elementor-widget-divider--view-line elementor-widget elementor-widget-divider\" data-id=\"716beb1\" data-element_type=\"widget\" data-widget_type=\"divider.default\">\n\t\t\t\t<div class=\"elementor-widget-container\">\n\t\t\t\t\t<div class=\"elementor-divider\">\n\t\t\t<span class=\"elementor-divider-separator\">\n\t\t\t\t\t\t<\/span>\n\t\t<\/div>\n\t\t\t\t<\/div>\n\t\t\t\t<\/div>\n\t\t\t\t<div class=\"elementor-element elementor-element-1b17468 elementor-widget elementor-widget-text-editor\" data-id=\"1b17468\" data-element_type=\"widget\" data-widget_type=\"text-editor.default\">\n\t\t\t\t<div class=\"elementor-widget-container\">\n\t\t\t\t\t\t\t<h2>Publicerade artiklar om Certify &amp; Comply<\/h2>\n<ul>\n<li><a href=\"https:\/\/www.vk.se\/2020-11-10\/umeaforetag-slapper-gratis-utbildning\">2020-11-10 VK: Ume\u00e5 f\u00f6retag sl\u00e4pper kostnadsfri utbildning<\/a><\/li>\n<li><a href=\"https:\/\/www.entreprenad.com\/article\/view\/708387\/fram_for_fler_fiffiga_losningar_men_de_maste_vara_sakra\">2020-05-11 Entreprenad: Fram f\u00f6r fler fiffiga l\u00f6sningar \u2013 men de m\u00e5ste vara s\u00e4kra<\/a><\/li>\n<li><a href=\"https:\/\/www.entreprenad.com\/article\/view\/708390\/zatisfy_kampar_for_sakrare_produkter\">2020-05-11 Entreprenad: Zatisfy k\u00e4mpar f\u00f6r s\u00e4krare produkter<\/a><\/li>\n<li><a href=\"https:\/\/www.vk.se\/2020-02-03\/umeaforetag-rekryterar-cirkeln-ar-sluten\">2020-02-03 VK: Cirkeln \u00e4r sluten<\/a><\/li>\n<li><a href=\"https:\/\/www.entreprenadaktuellt.se\/artikel\/58610\/han-r-expert-p-ce-mrkning.html\">2018-11-21 Entreprenadaktuellt: Han \u00e4r expert p\u00e5 CE-m\u00e4rkning<\/a><\/li>\n<\/ul>\t\t\t\t\t\t<\/div>\n\t\t\t\t<\/div>\n\t\t\t\t\t<\/div>\n\t\t<\/div>\n\t\t\t\t\t<\/div>\n\t\t<\/section>\n\t\t\t\t<section class=\"elementor-section elementor-top-section elementor-element elementor-element-23b87d0 elementor-section-boxed elementor-section-height-default elementor-section-height-default\" data-id=\"23b87d0\" data-element_type=\"section\">\n\t\t\t\t\t\t<div class=\"elementor-container elementor-column-gap-default\">\n\t\t\t\t\t<div class=\"elementor-column elementor-col-100 elementor-top-column elementor-element elementor-element-340b70b\" data-id=\"340b70b\" data-element_type=\"column\">\n\t\t\t<div class=\"elementor-widget-wrap elementor-element-populated\">\n\t\t\t\t\t\t<div class=\"elementor-element elementor-element-f92d75d elementor-widget-divider--view-line elementor-widget elementor-widget-divider\" data-id=\"f92d75d\" data-element_type=\"widget\" data-widget_type=\"divider.default\">\n\t\t\t\t<div class=\"elementor-widget-container\">\n\t\t\t\t\t<div class=\"elementor-divider\">\n\t\t\t<span class=\"elementor-divider-separator\">\n\t\t\t\t\t\t<\/span>\n\t\t<\/div>\n\t\t\t\t<\/div>\n\t\t\t\t<\/div>\n\t\t\t\t<div class=\"elementor-element elementor-element-cef2b80 elementor-widget elementor-widget-text-editor\" data-id=\"cef2b80\" data-element_type=\"widget\" data-widget_type=\"text-editor.default\">\n\t\t\t\t<div class=\"elementor-widget-container\">\n\t\t\t\t\t\t\t<h2>Kr\u00f6nikor<\/h2><ul><li><a href=\"http:\/\/journal-download.co.uk\/digitalmagazines\/IVT\/IVT01FEB2020\/page_11.html\">iVT &#8211; February 2020: Avoiding AI accidents<\/a><\/li><li><a href=\"https:\/\/www.entreprenadaktuellt.se\/artikel\/60985\/krnika-ce-mrkning--vad-r-det-som-gller-fr-dig-som-maskinentreprenr.html\">Entreprenadaktuellt &#8211; 8 oktober 2019: CE-m\u00e4rkning &#8211; vad \u00e4r det som g\u00e4ller f\u00f6r dig som maskinentrepren\u00f6r?<\/a><\/li><li><a href=\"https:\/\/www.entreprenadaktuellt.se\/artikel\/61431\/importera-maskin-s-undviker-du-fallgroparna.html\">Entreprenadaktuellt &#8211; 26 November 2019: Importera en maskin, s\u00e5 undviker du fallgroparna<\/a><\/li><li><a href=\"https:\/\/www.entreprenadaktuellt.se\/artikel\/2225147\/standarder--direktiv-och-en-kapplpning-fr-skrare-snabbfsten.html\">Entreprenadaktuellt &#8211; 29 Januari 2020: Standarder och direktiv, och en kappl\u00f6pning mot s\u00e4krare snabbf\u00e4sten<\/a><\/li><li><a href=\"http:\/\/journal-download.co.uk\/digitalmagazines\/IVT\/IVT01NOV2019\/page_11.html\">iVT &#8211; 1 November 2019: Safer by design<\/a><\/li><\/ul>\t\t\t\t\t\t<\/div>\n\t\t\t\t<\/div>\n\t\t\t\t\t<\/div>\n\t\t<\/div>\n\t\t\t\t\t<\/div>\n\t\t<\/section>\n\t\t\t\t<section class=\"elementor-section elementor-top-section elementor-element elementor-element-5fa9394 elementor-section-boxed elementor-section-height-default elementor-section-height-default\" data-id=\"5fa9394\" data-element_type=\"section\">\n\t\t\t\t\t\t<div class=\"elementor-container elementor-column-gap-default\">\n\t\t\t\t\t<div class=\"elementor-column elementor-col-100 elementor-top-column elementor-element elementor-element-977f345\" data-id=\"977f345\" data-element_type=\"column\">\n\t\t\t<div class=\"elementor-widget-wrap elementor-element-populated\">\n\t\t\t\t\t\t<div class=\"elementor-element elementor-element-47b5ff1 elementor-widget-divider--view-line elementor-widget elementor-widget-divider\" data-id=\"47b5ff1\" data-element_type=\"widget\" data-widget_type=\"divider.default\">\n\t\t\t\t<div class=\"elementor-widget-container\">\n\t\t\t\t\t<div class=\"elementor-divider\">\n\t\t\t<span class=\"elementor-divider-separator\">\n\t\t\t\t\t\t<\/span>\n\t\t<\/div>\n\t\t\t\t<\/div>\n\t\t\t\t<\/div>\n\t\t\t\t<div class=\"elementor-element elementor-element-1b14659 elementor-widget elementor-widget-text-editor\" data-id=\"1b14659\" data-element_type=\"widget\" data-widget_type=\"text-editor.default\">\n\t\t\t\t<div class=\"elementor-widget-container\">\n\t\t\t\t\t\t\t<h2>FotoN och Logotyp<\/h2><p>Samtliga bilder kan anv\u00e4ndas fritt.<\/p>\t\t\t\t\t\t<\/div>\n\t\t\t\t<\/div>\n\t\t\t\t<section class=\"elementor-section elementor-inner-section elementor-element elementor-element-dbf7b79 elementor-section-boxed elementor-section-height-default elementor-section-height-default\" data-id=\"dbf7b79\" data-element_type=\"section\">\n\t\t\t\t\t\t<div class=\"elementor-container elementor-column-gap-default\">\n\t\t\t\t\t<div class=\"elementor-column elementor-col-50 elementor-inner-column elementor-element elementor-element-9d38077\" data-id=\"9d38077\" data-element_type=\"column\">\n\t\t\t<div class=\"elementor-widget-wrap elementor-element-populated\">\n\t\t\t\t\t\t<div class=\"elementor-element elementor-element-82228e7 elementor-widget elementor-widget-image\" data-id=\"82228e7\" data-element_type=\"widget\" data-widget_type=\"image.default\">\n\t\t\t\t<div class=\"elementor-widget-container\">\n\t\t\t\t\t\t\t\t\t\t\t\t\t<img decoding=\"async\" width=\"1600\" height=\"2400\" src=\"https:\/\/certifycomply.com\/wp-content\/uploads\/2025\/04\/press-sidan-bild.jpg\" class=\"attachment-full size-full wp-image-9221\" alt=\"Portr\u00e4tt av Roberth Jonsson grundare av Certify &amp; Comply\" srcset=\"https:\/\/certifycomply.com\/wp-content\/uploads\/2025\/04\/press-sidan-bild.jpg 1600w, https:\/\/certifycomply.com\/wp-content\/uploads\/2025\/04\/press-sidan-bild-200x300.jpg 200w, https:\/\/certifycomply.com\/wp-content\/uploads\/2025\/04\/press-sidan-bild-683x1024.jpg 683w, https:\/\/certifycomply.com\/wp-content\/uploads\/2025\/04\/press-sidan-bild-768x1152.jpg 768w, https:\/\/certifycomply.com\/wp-content\/uploads\/2025\/04\/press-sidan-bild-1024x1536.jpg 1024w, https:\/\/certifycomply.com\/wp-content\/uploads\/2025\/04\/press-sidan-bild-1365x2048.jpg 1365w\" sizes=\"(max-width: 1600px) 100vw, 1600px\" \/>\t\t\t\t\t\t\t\t\t\t\t\t\t<\/div>\n\t\t\t\t<\/div>\n\t\t\t\t<div class=\"elementor-element elementor-element-be58447 elementor-widget elementor-widget-text-editor\" data-id=\"be58447\" data-element_type=\"widget\" data-widget_type=\"text-editor.default\">\n\t\t\t\t<div class=\"elementor-widget-container\">\n\t\t\t\t\t\t\t<p>Roberth Jonsson, grundare Certify &amp; Comply Sweden AB<br \/><br \/><\/p>\t\t\t\t\t\t<\/div>\n\t\t\t\t<\/div>\n\t\t\t\t\t<\/div>\n\t\t<\/div>\n\t\t\t\t<div class=\"elementor-column elementor-col-50 elementor-inner-column elementor-element elementor-element-7415d66\" data-id=\"7415d66\" data-element_type=\"column\">\n\t\t\t<div class=\"elementor-widget-wrap\">\n\t\t\t\t\t\t\t<\/div>\n\t\t<\/div>\n\t\t\t\t\t<\/div>\n\t\t<\/section>\n\t\t\t\t<div class=\"elementor-element elementor-element-648ffb3 elementor-widget elementor-widget-image\" data-id=\"648ffb3\" data-element_type=\"widget\" data-widget_type=\"image.default\">\n\t\t\t\t<div class=\"elementor-widget-container\">\n\t\t\t\t\t\t\t\t\t\t\t\t\t<img decoding=\"async\" width=\"800\" height=\"384\" src=\"https:\/\/certifycomply.com\/wp-content\/uploads\/2024\/08\/Certify_Comply_Logo_black_orange-1024x492.jpg\" class=\"attachment-large size-large wp-image-7965\" alt=\"Certify &amp; Comply\" srcset=\"https:\/\/certifycomply.com\/wp-content\/uploads\/2024\/08\/Certify_Comply_Logo_black_orange-1024x492.jpg 1024w, https:\/\/certifycomply.com\/wp-content\/uploads\/2024\/08\/Certify_Comply_Logo_black_orange-300x144.jpg 300w, https:\/\/certifycomply.com\/wp-content\/uploads\/2024\/08\/Certify_Comply_Logo_black_orange-768x369.jpg 768w, https:\/\/certifycomply.com\/wp-content\/uploads\/2024\/08\/Certify_Comply_Logo_black_orange-1536x738.jpg 1536w, https:\/\/certifycomply.com\/wp-content\/uploads\/2024\/08\/Certify_Comply_Logo_black_orange.jpg 1872w\" sizes=\"(max-width: 800px) 100vw, 800px\" \/>\t\t\t\t\t\t\t\t\t\t\t\t\t<\/div>\n\t\t\t\t<\/div>\n\t\t\t\t<div class=\"elementor-element elementor-element-6883fde elementor-widget elementor-widget-text-editor\" data-id=\"6883fde\" data-element_type=\"widget\" data-widget_type=\"text-editor.default\">\n\t\t\t\t<div class=\"elementor-widget-container\">\n\t\t\t\t\t\t\t<p>Logotyp &#8211; fritt att anv\u00e4nda<\/p>\t\t\t\t\t\t<\/div>\n\t\t\t\t<\/div>\n\t\t\t\t\t<\/div>\n\t\t<\/div>\n\t\t\t\t\t<\/div>\n\t\t<\/section>\n\t\t\t\t<section class=\"elementor-section elementor-top-section elementor-element elementor-element-50140f8 elementor-section-boxed elementor-section-height-default elementor-section-height-default\" data-id=\"50140f8\" data-element_type=\"section\">\n\t\t\t\t\t\t<div class=\"elementor-container elementor-column-gap-default\">\n\t\t\t\t\t<div class=\"elementor-column elementor-col-100 elementor-top-column elementor-element elementor-element-f2f8f9f\" data-id=\"f2f8f9f\" data-element_type=\"column\">\n\t\t\t<div class=\"elementor-widget-wrap elementor-element-populated\">\n\t\t\t\t\t\t<div class=\"elementor-element elementor-element-47db3fc elementor-widget-divider--view-line elementor-widget elementor-widget-divider\" data-id=\"47db3fc\" data-element_type=\"widget\" data-widget_type=\"divider.default\">\n\t\t\t\t<div class=\"elementor-widget-container\">\n\t\t\t\t\t<div class=\"elementor-divider\">\n\t\t\t<span class=\"elementor-divider-separator\">\n\t\t\t\t\t\t<\/span>\n\t\t<\/div>\n\t\t\t\t<\/div>\n\t\t\t\t<\/div>\n\t\t\t\t<div class=\"elementor-element elementor-element-0f32f97 elementor-widget elementor-widget-text-editor\" data-id=\"0f32f97\" data-element_type=\"widget\" data-widget_type=\"text-editor.default\">\n\t\t\t\t<div class=\"elementor-widget-container\">\n\t\t\t\t\t\t\t<h2>Presskontakt<\/h2><p>Roberth Jonsson<br \/><a href=\"tel:+46705790027\">+46705790027<\/a><br \/><a href=\"mailto:roberth@certifycomply.com\">roberth@certifycomply.com<\/a><\/p><p>Certify &amp; Comply AB<br \/>Org nr: 559163-3747<br \/>VAT: SE559163374701<br \/>Norra Obbolav\u00e4gen 89<br \/>904 22 Ume\u00e5<br \/>Sweden<\/p>\t\t\t\t\t\t<\/div>\n\t\t\t\t<\/div>\n\t\t\t\t\t<\/div>\n\t\t<\/div>\n\t\t\t\t\t<\/div>\n\t\t<\/section>\n\t\t\t\t<\/div>\n\t\t","protected":false},"excerpt":{"rendered":"<p>Pressrum V\u00e4lkommen till v\u00e5rt pressrum d\u00e4r du kan l\u00e4sa mer om vad vi sj\u00e4lva publicerat och vad media har skrivit om oss. Vi vill n\u00e5 ut med s\u00e5 mycket kunskap [&hellip;]<\/p>\n","protected":false},"author":4,"featured_media":0,"parent":1146,"menu_order":13,"comment_status":"closed","ping_status":"closed","template":"elementor_header_footer","meta":{"_acf_changed":false,"footnotes":""},"class_list":["post-1574","page","type-page","status-publish","hentry"],"acf":[],"yoast_head":"<!-- This site is optimized with the Yoast SEO plugin v24.9 - https:\/\/yoast.com\/wordpress\/plugins\/seo\/ -->\n<title>Press | Certify &amp; Comply<\/title>\n<meta name=\"robots\" content=\"index, follow, max-snippet:-1, max-image-preview:large, max-video-preview:-1\" \/>\n<link rel=\"canonical\" href=\"https:\/\/certifycomply.com\/sv\/om-oss\/press\/\" \/>\n<meta property=\"og:locale\" content=\"sv_SE\" \/>\n<meta property=\"og:type\" content=\"article\" \/>\n<meta property=\"og:title\" content=\"Press | Certify &amp; Comply\" \/>\n<meta property=\"og:description\" content=\"Pressrum V\u00e4lkommen till v\u00e5rt pressrum d\u00e4r du kan l\u00e4sa mer om vad vi sj\u00e4lva publicerat och vad media har skrivit om oss. Vi vill n\u00e5 ut med s\u00e5 mycket kunskap [&hellip;]\" \/>\n<meta property=\"og:url\" content=\"https:\/\/certifycomply.com\/sv\/om-oss\/press\/\" \/>\n<meta property=\"og:site_name\" content=\"Certify &amp; Comply\" \/>\n<meta property=\"article:modified_time\" content=\"2025-04-30T10:55:54+00:00\" \/>\n<meta property=\"og:image\" content=\"https:\/\/certifycomply.com\/wp-content\/uploads\/2022\/06\/DSC_0055_frilagd.webp\" \/>\n\t<meta property=\"og:image:width\" content=\"341\" \/>\n\t<meta property=\"og:image:height\" content=\"410\" \/>\n\t<meta property=\"og:image:type\" content=\"image\/webp\" \/>\n<meta name=\"twitter:card\" content=\"summary_large_image\" \/>\n<meta name=\"twitter:label1\" content=\"Ber\u00e4knad l\u00e4stid\" \/>\n\t<meta name=\"twitter:data1\" content=\"2 minuter\" \/>\n<!-- \/ Yoast SEO plugin. -->","yoast_head_json":{"title":"Press | Certify &amp; Comply","robots":{"index":"index","follow":"follow","max-snippet":"max-snippet:-1","max-image-preview":"max-image-preview:large","max-video-preview":"max-video-preview:-1"},"canonical":"https:\/\/certifycomply.com\/sv\/om-oss\/press\/","og_locale":"sv_SE","og_type":"article","og_title":"Press | Certify &amp; Comply","og_description":"Pressrum V\u00e4lkommen till v\u00e5rt pressrum d\u00e4r du kan l\u00e4sa mer om vad vi sj\u00e4lva publicerat och vad media har skrivit om oss. Vi vill n\u00e5 ut med s\u00e5 mycket kunskap [&hellip;]","og_url":"https:\/\/certifycomply.com\/sv\/om-oss\/press\/","og_site_name":"Certify &amp; Comply","article_modified_time":"2025-04-30T10:55:54+00:00","og_image":[{"width":341,"height":410,"url":"https:\/\/certifycomply.com\/wp-content\/uploads\/2022\/06\/DSC_0055_frilagd.webp","type":"image\/webp"}],"twitter_card":"summary_large_image","twitter_misc":{"Ber\u00e4knad l\u00e4stid":"2 minuter"},"schema":{"@context":"https:\/\/schema.org","@graph":[{"@type":"WebPage","@id":"https:\/\/certifycomply.com\/sv\/om-oss\/press\/","url":"https:\/\/certifycomply.com\/sv\/om-oss\/press\/","name":"Press | Certify &amp; Comply","isPartOf":{"@id":"https:\/\/certifycomply.com\/sv\/#website"},"primaryImageOfPage":{"@id":"https:\/\/certifycomply.com\/sv\/om-oss\/press\/#primaryimage"},"image":{"@id":"https:\/\/certifycomply.com\/sv\/om-oss\/press\/#primaryimage"},"thumbnailUrl":"https:\/\/certifycomply.com\/wp-content\/uploads\/2022\/06\/DSC_0055_frilagd.webp","datePublished":"2022-06-16T12:46:52+00:00","dateModified":"2025-04-30T10:55:54+00:00","breadcrumb":{"@id":"https:\/\/certifycomply.com\/sv\/om-oss\/press\/#breadcrumb"},"inLanguage":"sv-SE","potentialAction":[{"@type":"ReadAction","target":["https:\/\/certifycomply.com\/sv\/om-oss\/press\/"]}]},{"@type":"ImageObject","inLanguage":"sv-SE","@id":"https:\/\/certifycomply.com\/sv\/om-oss\/press\/#primaryimage","url":"https:\/\/certifycomply.com\/wp-content\/uploads\/2022\/06\/DSC_0055_frilagd.webp","contentUrl":"https:\/\/certifycomply.com\/wp-content\/uploads\/2022\/06\/DSC_0055_frilagd.webp"},{"@type":"BreadcrumbList","@id":"https:\/\/certifycomply.com\/sv\/om-oss\/press\/#breadcrumb","itemListElement":[{"@type":"ListItem","position":1,"name":"Hem","item":"https:\/\/certifycomply.com\/sv\/"},{"@type":"ListItem","position":2,"name":"Om oss","item":"https:\/\/certifycomply.com\/sv\/about\/"},{"@type":"ListItem","position":3,"name":"Press"}]},{"@type":"WebSite","@id":"https:\/\/certifycomply.com\/sv\/#website","url":"https:\/\/certifycomply.com\/sv\/","name":"Certify & Comply","description":"Certify &amp; Comply","publisher":{"@id":"https:\/\/certifycomply.com\/sv\/#organization"},"potentialAction":[{"@type":"SearchAction","target":{"@type":"EntryPoint","urlTemplate":"https:\/\/certifycomply.com\/sv\/?s={search_term_string}"},"query-input":{"@type":"PropertyValueSpecification","valueRequired":true,"valueName":"search_term_string"}}],"inLanguage":"sv-SE"},{"@type":"Organization","@id":"https:\/\/certifycomply.com\/sv\/#organization","name":"Certify & Comply","url":"https:\/\/certifycomply.com\/sv\/","logo":{"@type":"ImageObject","inLanguage":"sv-SE","@id":"https:\/\/certifycomply.com\/sv\/#\/schema\/logo\/image\/","url":"https:\/\/certcomply.hemhosting.se\/wp-content\/uploads\/2024\/08\/logo_featureimage.png","contentUrl":"https:\/\/certcomply.hemhosting.se\/wp-content\/uploads\/2024\/08\/logo_featureimage.png","width":1200,"height":675,"caption":"Certify & Comply"},"image":{"@id":"https:\/\/certifycomply.com\/sv\/#\/schema\/logo\/image\/"}}]}},"_links":{"self":[{"href":"https:\/\/certifycomply.com\/sv\/wp-json\/wp\/v2\/pages\/1574"}],"collection":[{"href":"https:\/\/certifycomply.com\/sv\/wp-json\/wp\/v2\/pages"}],"about":[{"href":"https:\/\/certifycomply.com\/sv\/wp-json\/wp\/v2\/types\/page"}],"author":[{"embeddable":true,"href":"https:\/\/certifycomply.com\/sv\/wp-json\/wp\/v2\/users\/4"}],"replies":[{"embeddable":true,"href":"https:\/\/certifycomply.com\/sv\/wp-json\/wp\/v2\/comments?post=1574"}],"version-history":[{"count":15,"href":"https:\/\/certifycomply.com\/sv\/wp-json\/wp\/v2\/pages\/1574\/revisions"}],"predecessor-version":[{"id":9259,"href":"https:\/\/certifycomply.com\/sv\/wp-json\/wp\/v2\/pages\/1574\/revisions\/9259"}],"up":[{"embeddable":true,"href":"https:\/\/certifycomply.com\/sv\/wp-json\/wp\/v2\/pages\/1146"}],"wp:attachment":[{"href":"https:\/\/certifycomply.com\/sv\/wp-json\/wp\/v2\/media?parent=1574"}],"curies":[{"name":"wp","href":"https:\/\/api.w.org\/{rel}","templated":true}]}}